{"id":79,"date":"2020-05-10T14:33:40","date_gmt":"2020-05-10T14:33:40","guid":{"rendered":"http:\/\/kirche-in-mayschoss.de\/?page_id=79"},"modified":"2023-01-14T08:22:04","modified_gmt":"2023-01-14T08:22:04","slug":"kirchenchor","status":"publish","type":"page","link":"https:\/\/kirche-in-mayschoss.de\/?page_id=79","title":{"rendered":"Kirchenchor Mayscho\u00df"},"content":{"rendered":"\n<figure class=\"wp-block-image size-large is-resized\"><img loading=\"lazy\" decoding=\"async\" src=\"http:\/\/kirche-in-mayschoss.de\/wp-content\/uploads\/2020\/10\/Kirchenchor-2018-1024x840.jpg\" alt=\"\" class=\"wp-image-633\" width=\"590\" height=\"483\" srcset=\"https:\/\/kirche-in-mayschoss.de\/wp-content\/uploads\/2020\/10\/Kirchenchor-2018-1024x840.jpg 1024w, https:\/\/kirche-in-mayschoss.de\/wp-content\/uploads\/2020\/10\/Kirchenchor-2018-300x246.jpg 300w, https:\/\/kirche-in-mayschoss.de\/wp-content\/uploads\/2020\/10\/Kirchenchor-2018-768x630.jpg 768w, https:\/\/kirche-in-mayschoss.de\/wp-content\/uploads\/2020\/10\/Kirchenchor-2018-1536x1260.jpg 1536w, https:\/\/kirche-in-mayschoss.de\/wp-content\/uploads\/2020\/10\/Kirchenchor-2018-2048x1680.jpg 2048w\" sizes=\"auto, (max-width: 590px) 100vw, 590px\" \/><\/figure>\n\n\n\n<p><strong>Herzlich Willkommen beim Kirchenchor C\u00e4cilia Mayscho\u00df<\/strong><\/p>\n\n\n\n<p>\u201eSingen ist die eigentliche Muttersprache des Menschen\u201c hat der ber\u00fchmte Musiker Yehudi Menuhin einmal gesagt. Diese Sprache pflegen wir in Gemeinschaft jede Woche!<br><br>Die Hauptaufgabe unseres Chores ist die musikalische Mitgestaltung der Gottesdienste, besonders die gro\u00dfen Feste des Kirchenjahres und unserer Kirchengemeinde wie Weihnachten, Ostern, Fronleichnam, Rochustag, Nikolaustag. Daneben pflegen wir auch das gesellige Zusammensein mit Tagesausfl\u00fcge, C\u00e4cilienfest oder auch die traditionelle Chorzeche, die am ersten Advent stattfindet. Auch am Mayschosser Weinbl\u00fctenfest nehmen wir bei der Er\u00f6ffnung und mit eigener Gruppe im Festzug teil.<br><br>Wir pflegen neben klassischer traditioneller geistlicher Musik (Messen und Ges\u00e4nge aus verschiedenen Musikepochen) auch ein umfangreiches Repertoire an modernen neueren Kirchenliedern. Zu weltlichen Anl\u00e4ssen singen wir neben traditionellem Liedgut auch modernes aus Schlager, Pop und Volksmusik.<br><br>Unsere Aufgabe sehen wir in erster Linie darin, zur Ehre Gottes zu singen. Aber auch die weltlichen Aktivit\u00e4ten kommen nicht zu kurz. Damit wir dieses auch weiterf\u00fchren k\u00f6nnen, brauchen wir aber immer Menschen, die sich bereit erkl\u00e4ren, bei uns mitzuwirken.<br><br>In der heutigen mobilen Zeit ist das nicht immer einfach, auch das Vereinbaren mit Familie, Beruf. Aber Sie werden belohnt mit einer \u201eW\u00f6chentlichen Auszeit\u201c vom Alltag: Singen im Chor erfordert zwar Aufmerksamkeit, aber es entspannt ungemein. Haben Sie Mut, es auszuprobieren, ob Sie jung oder bereits \u201e\u00e4lter\u201c sind, Sie sind herzlich Willkommen.<\/p>\n\n\n\n<p><strong>Unsere Proben finden jeden Dienstag um 19.30 Uhr im Pfarrsaal von Mayscho\u00df statt. <\/strong><br>Keine Angst \u2013 niemand muss vorsingen oder Notenkenntnisse haben.<\/p>\n\n\n\n<p><em>Es gibt viele Gr\u00fcnde, bei uns mitzusingen:<\/em><br><em>Junge d\u00fcrfen im Chor alt werden.<\/em><br><em>Alte werden durch den Gesang wieder jung.<\/em><br><em>Morgenmuffel haben Gl\u00fcck: die Chorprobe ist abends.<\/em><br><em>M\u00fcde d\u00fcrfen im sitzen singen.<\/em><br><em>Bescheidene sitzen in der letzten Reihe.<\/em><br><em>Schweigsame d\u00fcrfen \u00f6fters den Mund aufmachen.<\/em><br><em>Flei\u00dfige erscheinen zu jeder Probe.<\/em><br><em>Geburtstagskinder d\u00fcrfen einen ausgeben.<\/em><br><em>Gesellige d\u00fcrfen nach der Probe noch etwas trinken.<\/em><br><em>Lustige k\u00f6nnen nach der Probe Witze erz\u00e4hlen.<\/em><\/p>\n\n\n\n<p><strong>Informationen erhalten Sie bei<\/strong><br>Leo Baltes, Vorsitzender, Telefon 0 26 43 \u2013 79 33<br>Karlheinz Frings, Chorleiter, Telefon 0 26 43 \u2013 90 49 25<br>bei allen Chormitgliedern<br>oder schauen Sie einfach bei uns unverbindlich mal rein. <br>Wir freuen uns auf Sie!<\/p>\n","protected":false},"excerpt":{"rendered":"<p>Herzlich Willkommen beim Kirchenchor C\u00e4cilia Mayscho\u00df \u201eSingen ist die eigentliche Muttersprache des Menschen\u201c hat der ber\u00fchmte Musiker Yehudi Menuhin einmal gesagt. Diese Sprache pflegen wir in Gemeinschaft jede Woche! Die Hauptaufgabe unseres Chores ist die musikalische Mitgestaltung der Gottesdienste, besonders die gro\u00dfen Feste des Kirchenjahres und unserer Kirchengemeinde wie Weihnachten, Ostern, Fronleichnam, Rochustag, Nikolaustag. Daneben pflegen wir auch das gesellige Zusammensein mit Tagesausfl\u00fcge, C\u00e4cilienfest oder auch die traditionelle Chorzeche, die am ersten Advent stattfindet. Auch am Mayschosser Weinbl\u00fctenfest nehmen wir bei der Er\u00f6ffnung und mit eigener Gruppe im Festzug teil. Wir pflegen neben klassischer traditioneller geistlicher Musik (Messen und Ges\u00e4nge aus verschiedenen Musikepochen) auch ein umfangreiches Repertoire an modernen neueren Kirchenliedern. Zu weltlichen Anl\u00e4ssen singen <a class=\"more-link\" href=\"https:\/\/kirche-in-mayschoss.de\/?page_id=79\"><span class=\"screen-reader-text\">  Kirchenchor Mayscho\u00df<\/span> weiterlesen<span class=\"meta-nav\">&rarr;<\/span><\/a><\/p>\n","protected":false},"author":1,"featured_media":0,"parent":207,"menu_order":0,"comment_status":"closed","ping_status":"closed","template":"page-fullwidth.php","meta":{"footnotes":""},"class_list":["post-79","page","type-page","status-publish","hentry"],"_links":{"self":[{"href":"https:\/\/kirche-in-mayschoss.de\/index.php?rest_route=\/wp\/v2\/pages\/79","targetHints":{"allow":["GET"]}}],"collection":[{"href":"https:\/\/kirche-in-mayschoss.de\/index.php?rest_route=\/wp\/v2\/pages"}],"about":[{"href":"https:\/\/kirche-in-mayschoss.de\/index.php?rest_route=\/wp\/v2\/types\/page"}],"author":[{"embeddable":true,"href":"https:\/\/kirche-in-mayschoss.de\/index.php?rest_route=\/wp\/v2\/users\/1"}],"replies":[{"embeddable":true,"href":"https:\/\/kirche-in-mayschoss.de\/index.php?rest_route=%2Fwp%2Fv2%2Fcomments&post=79"}],"version-history":[{"count":9,"href":"https:\/\/kirche-in-mayschoss.de\/index.php?rest_route=\/wp\/v2\/pages\/79\/revisions"}],"predecessor-version":[{"id":2618,"href":"https:\/\/kirche-in-mayschoss.de\/index.php?rest_route=\/wp\/v2\/pages\/79\/revisions\/2618"}],"up":[{"embeddable":true,"href":"https:\/\/kirche-in-mayschoss.de\/index.php?rest_route=\/wp\/v2\/pages\/207"}],"wp:attachment":[{"href":"https:\/\/kirche-in-mayschoss.de\/index.php?rest_route=%2Fwp%2Fv2%2Fmedia&parent=79"}],"curies":[{"name":"wp","href":"https:\/\/api.w.org\/{rel}","templated":true}]}}