{"id":72,"date":"2020-05-10T16:36:48","date_gmt":"2020-05-10T16:36:48","guid":{"rendered":"http:\/\/kirche-in-mayschoss.de\/?page_id=72"},"modified":"2026-01-03T09:27:59","modified_gmt":"2026-01-03T09:27:59","slug":"pfarrgemeinderat","status":"publish","type":"page","link":"https:\/\/kirche-in-mayschoss.de\/?page_id=72","title":{"rendered":"Verwaltungsrat und Pfarreienrat"},"content":{"rendered":"\n<p>.<\/p>\n\n\n\n<p class=\"has-large-font-size\"><strong>Verwaltungsrat<\/strong><\/p>\n\n\n\n<p class=\"has-normal-font-size\">Der Verwaltungsrat verwaltet das kirchliche Verm\u00f6gen unserer Kirchengemeinde. Er vertritt die Kirchengemeinde und das Verm\u00f6gen. Zu seinen Aufgaben geh\u00f6ren u. a.<br>&#8211;   Erstellung eines Haushaltsplanes<br>&#8211;   Pflege, Beratung und Entscheidung \u00fcber die Immobilien und Grundst\u00fccke<br>&#8211;   Erstellung von Miet-, Pacht- und Leihvertr\u00e4gen<\/p>\n\n\n\n<p class=\"has-normal-font-size\">Mit der Fusion der Pfarreien der Pfarreiengemeinschaft Altenahr zur neuen Pfarrei &#8222;St. Andreas Ahreifel&#8220; ab 1. Januar 2026 ist der alte Verwaltungsrat der Pfarrgemeinde Mayscho\u00df nicht mehr im Amt. Am 7.\/8. Februar 2026 werden in der neuen Pfarrei Pfarrgemeinderatswahlen stattfinden. Dieser wird dann auf Vorschlag den neuen Verwaltungsrat der neuen Pfarrei w\u00e4hlen.<\/p>\n\n\n\n<p class=\"has-normal-font-size\">Die Mitglieder unseres Verwaltungsrates bis 31. Dezember 2025 waren:<strong><br><\/strong>Pfarrer Axel Spiller (Vorsitzender)<br>Petra Bertram<br>Ute Gabriel<br>Hubertus Kunz<br>Charly Laux<\/p>\n\n\n\n<p>.<\/p>\n\n\n\n<p class=\"has-large-font-size\"><strong>Pfarreienrat<\/strong> <strong>der Pfarreiengemeinschaft Altenahr<\/strong><\/p>\n\n\n\n<p class=\"has-normal-font-size\">Mit der Fusion der Pfarreien der Pfarreiengemeinschaft Altenahr zur neuen Pfarrei &#8222;St. Andreas Ahreifel&#8220; am 1. Januar 2026 ist der Pfarreienrat nicht mehr im Amt. Am 7.\/8. Februar 2026 wird in der neuen Pfarrei Pfarrgemeinderatswahlen stattfinden. Dieser wird dann die Aufgaben des ehemaligen Pfarreienrates \u00fcbernehmen.<\/p>\n\n\n\n<p class=\"has-normal-font-size\">Die Mitglieder im Pfarreienrat f\u00fcr Mayscho\u00df bis 31. Dezember 2025 waren<br>Dorothee Burkhardt<br>Karlheinz Frings<\/p>\n","protected":false},"excerpt":{"rendered":"<p>. Verwaltungsrat Der Verwaltungsrat verwaltet das kirchliche Verm\u00f6gen unserer Kirchengemeinde. Er vertritt die Kirchengemeinde und das Verm\u00f6gen. Zu seinen Aufgaben geh\u00f6ren u. a.&#8211; Erstellung eines Haushaltsplanes&#8211; Pflege, Beratung und Entscheidung \u00fcber die Immobilien und Grundst\u00fccke&#8211; Erstellung von Miet-, Pacht- und Leihvertr\u00e4gen Mit der Fusion der Pfarreien der Pfarreiengemeinschaft Altenahr zur neuen Pfarrei &#8222;St. Andreas Ahreifel&#8220; ab 1. Januar 2026 ist der alte Verwaltungsrat der Pfarrgemeinde Mayscho\u00df nicht mehr im Amt. Am 7.\/8. Februar 2026 werden in der neuen Pfarrei Pfarrgemeinderatswahlen stattfinden. Dieser wird dann auf Vorschlag den neuen Verwaltungsrat der neuen Pfarrei w\u00e4hlen. Die Mitglieder unseres Verwaltungsrates bis 31. Dezember 2025 waren:Pfarrer Axel Spiller (Vorsitzender)Petra BertramUte GabrielHubertus KunzCharly Laux . Pfarreienrat der Pfarreiengemeinschaft Altenahr Mit <a class=\"more-link\" href=\"https:\/\/kirche-in-mayschoss.de\/?page_id=72\"><span class=\"screen-reader-text\">  Verwaltungsrat und Pfarreienrat<\/span> weiterlesen<span class=\"meta-nav\">&rarr;<\/span><\/a><\/p>\n","protected":false},"author":1,"featured_media":0,"parent":48,"menu_order":0,"comment_status":"closed","ping_status":"closed","template":"page-fullwidth.php","meta":{"footnotes":""},"class_list":["post-72","page","type-page","status-publish","hentry"],"_links":{"self":[{"href":"https:\/\/kirche-in-mayschoss.de\/index.php?rest_route=\/wp\/v2\/pages\/72","targetHints":{"allow":["GET"]}}],"collection":[{"href":"https:\/\/kirche-in-mayschoss.de\/index.php?rest_route=\/wp\/v2\/pages"}],"about":[{"href":"https:\/\/kirche-in-mayschoss.de\/index.php?rest_route=\/wp\/v2\/types\/page"}],"author":[{"embeddable":true,"href":"https:\/\/kirche-in-mayschoss.de\/index.php?rest_route=\/wp\/v2\/users\/1"}],"replies":[{"embeddable":true,"href":"https:\/\/kirche-in-mayschoss.de\/index.php?rest_route=%2Fwp%2Fv2%2Fcomments&post=72"}],"version-history":[{"count":27,"href":"https:\/\/kirche-in-mayschoss.de\/index.php?rest_route=\/wp\/v2\/pages\/72\/revisions"}],"predecessor-version":[{"id":5347,"href":"https:\/\/kirche-in-mayschoss.de\/index.php?rest_route=\/wp\/v2\/pages\/72\/revisions\/5347"}],"up":[{"embeddable":true,"href":"https:\/\/kirche-in-mayschoss.de\/index.php?rest_route=\/wp\/v2\/pages\/48"}],"wp:attachment":[{"href":"https:\/\/kirche-in-mayschoss.de\/index.php?rest_route=%2Fwp%2Fv2%2Fmedia&parent=72"}],"curies":[{"name":"wp","href":"https:\/\/api.w.org\/{rel}","templated":true}]}}