{"id":631,"date":"2020-10-25T14:13:57","date_gmt":"2020-10-25T14:13:57","guid":{"rendered":"http:\/\/kirche-in-mayschoss.de\/?page_id=631"},"modified":"2026-03-21T18:53:57","modified_gmt":"2026-03-21T18:53:57","slug":"aktuelles-und-termine","status":"publish","type":"page","link":"https:\/\/kirche-in-mayschoss.de\/?page_id=631","title":{"rendered":"Aktuelles und Termine"},"content":{"rendered":"\n<p class=\"has-normal-font-size\">.<\/p>\n\n\n\n<p class=\"has-large-font-size\"><strong>Unsere n\u00e4chsten Termine:<\/strong><\/p>\n\n\n\n<p class=\"has-normal-font-size\"><strong>Karfreitag, 03.04.2026, 15.00 Uhr<\/strong><br>Karfreitagsliturgie in Dernau<\/p>\n\n\n\n<p class=\"has-normal-font-size\"><strong>Ostersonntag, 05.04.2026, 11.00 Uhr<\/strong><br>Hochamt zu Ostern<\/p>\n\n\n\n<p class=\"has-normal-font-size\"><strong>Sonntag, 12.04.2026, 9.30 Uhr<\/strong><br>Gottesdienst &#8222;Verwammelt in seinem Namen&#8220;<\/p>\n\n\n\n<p class=\"has-normal-font-size\"><br><strong>jeden Dienstag, Chorprobe<\/strong><br>im Pfarrsaal (Dorfstra\u00dfe), 19.30 Uhr &#8211; 21.00 Uhr<br>Herzliche Einladung an alle Interessierte<br>.<\/p>\n\n\n\n<p class=\"has-large-font-size\"><strong>Unsere Auftritte der vergangen Monate:<\/strong><\/p>\n\n\n\n<p class=\"has-normal-font-size\"><strong>Mittwoch, 24.12.2025<br>Christmette am Heiligen Abend<\/strong><br>&#8222;Motette zum Advent&#8220;<br>&#8222;Geboren ist das Kind zur Nacht&#8220;<br>&#8222;Transeamus unque Bethlehem&#8220;<br>&#8222;Fest der Freude&#8220;<\/p>\n\n\n\n<p class=\"has-normal-font-size\"><strong>Samstag, 06.12.2025<br>Heilige Messe zu Ehren des Hl. Nikolaus<\/strong><br>&#8222;In das Warten dieser Welt&#8220;<br>&#8222;Herr deine G\u00fcte reicht so weit&#8220;<br>&#8222;Sanctus&#8220; aus der &#8222;Missa For You(th)&#8220;<\/p>\n\n\n\n<p class=\"has-normal-font-size\"><strong>Samstag, 15.11.2025<br>&#8222;Missa For You &#8211; ein spiritueller Abend f\u00fcr Dich!&#8220;<\/strong><\/p>\n\n\n\n<figure class=\"wp-block-image size-large\"><img loading=\"lazy\" decoding=\"async\" width=\"1024\" height=\"576\" src=\"http:\/\/kirche-in-mayschoss.de\/wp-content\/uploads\/2025\/12\/2025_Chorprojekt_Missa_For_You_Mayschoss-2-1024x576.jpeg\" alt=\"\" class=\"wp-image-5300\" srcset=\"https:\/\/kirche-in-mayschoss.de\/wp-content\/uploads\/2025\/12\/2025_Chorprojekt_Missa_For_You_Mayschoss-2-1024x576.jpeg 1024w, https:\/\/kirche-in-mayschoss.de\/wp-content\/uploads\/2025\/12\/2025_Chorprojekt_Missa_For_You_Mayschoss-2-300x169.jpeg 300w, https:\/\/kirche-in-mayschoss.de\/wp-content\/uploads\/2025\/12\/2025_Chorprojekt_Missa_For_You_Mayschoss-2-768x432.jpeg 768w, https:\/\/kirche-in-mayschoss.de\/wp-content\/uploads\/2025\/12\/2025_Chorprojekt_Missa_For_You_Mayschoss-2-1536x864.jpeg 1536w, https:\/\/kirche-in-mayschoss.de\/wp-content\/uploads\/2025\/12\/2025_Chorprojekt_Missa_For_You_Mayschoss-2-2048x1152.jpeg 2048w\" sizes=\"auto, (max-width: 1024px) 100vw, 1024px\" \/><\/figure>\n\n\n\n<p class=\"has-normal-font-size\">Der Kirchenprojektchor Mayscho\u00df ludt am Samstag, dem 15.11.25 in die Pfarrkirche Mayscho\u00df zu einem spirituellen Abend mit Musik, Texten und Impulsen ein.<br><br>Im Mittelpunkt dieses Abends stand die Auff\u00fchrung der Pop-Messe \u201eMissa For You(th)\u201c von Tjark Baumann. F\u00fcr die Auff\u00fchrung hatte sich um den Kirchenchor C\u00e4cilia Mayscho\u00df ein Projektchor versammelt, der seit Anfang des Jahres flei\u00dfig geprobt hat. Mal kr\u00e4ftig, schnell, mal gef\u00fchlvoll und ausdrucksstark, so zeigte sich die Auff\u00fchrung des mitrei\u00dfenden ins Ohr gehenden Werks, bestehend aus den festen Bestandteilen einer Messe: Kyrie, Gloria, Credo, Sanctus, Agnus Dei. Die Musiksprache ist durchg\u00e4ngig &#8222;klassisch&#8220; tonal und kann unterschiedlichen Popmusik-Stilen zugeordnet werden. Sie ist sehr eing\u00e4ngig und schnell ins Ohr gehend, schl\u00e4gt jedoch auch eine Br\u00fccke zu traditionellen bzw. klassischen Text- und Musikformen.<br><br>Aufgelockert wurde die Messe durch spirituelle Texte, die von Petra Bertram, Anette Kalt und Charly Laux vorgetragen wurden. Begleitet wurde der Chor von der Band Tramprock: An der Gitarre Heinrich Schmitz, am E-Bass Philipp Bertram, am Schlagzeug Andy Keutgen und am Klavier Karli Frings. Dar\u00fcber hinaus trug Philipp Bertram gef\u00fchlvoll auch noch zwei Lieder auf der Trompete vor.<br><br>Zum Abschluss sangen Chor und alle Besucher gemeinsam das Lied \u201eM\u00f6ge die Stra\u00dfe uns zusammenf\u00fchren\u201c.<br><br>Der Junggesellenverein \u201eMaijeloch\u201c Mayscho\u00df hatte w\u00e4rmenden Gl\u00fchwein vorbereitet und ludt im Anschluss an diesen Abend noch zum Zusammenbleiben ein.<\/p>\n\n\n\n<p class=\"has-normal-font-size\">Ein sch\u00f6ner Abend, der noch lange in Erinnerung bleiben wird.<br>.<\/p>\n\n\n\n<p class=\"has-normal-font-size\"><strong>Samstag, 16.08.2025<br>Heilige Messe zu Ehren des Hl. Rochus<\/strong><br>&#8222;Kyrie&#8220; aus der Pastoral-Messe (Ignaz Reimann)<br>&#8222;Gro\u00df ist der Herr&#8220; (P. E. Bach)<br>&#8222;Santo, Santo, Santo&#8220; (trad. Argentinien)<br>&#8222;Du dessen Name heilig ist&#8220; (K. Heizmann)<\/p>\n\n\n\n<p class=\"has-normal-font-size\"><strong>Sonntag, 22.06.2025<br>Fronleichnam (Prozession)<\/strong><br>&#8222;Pange Lingua&#8220; (M. Haller)<br>&#8222;Sacris Solemniis&#8220; (M. Haller)<br>&#8222;Verbum supernum&#8220; (M. Haller)<br>&#8222;Aeterne Rex&#8220; (M. Haller)<br>&#8222;Tantum ergo&#8220; (A. Bruckner)<br>&#8222;Tanum ergo&#8220; (A. Br\u00f6ker)<br>&#8222;Jesus dulcis memoria&#8220; (W. Stockhausen)<\/p>\n\n\n\n<p class=\"has-normal-font-size\"><strong>Ostersonntag, 20.04.2025<\/strong><br><strong>Hochamt zu Ostern<\/strong><br>&#8222;Pastoral-Messe&#8220; von Ignaz Reimann<\/p>\n\n\n\n<p class=\"has-normal-font-size\"><strong>Karfeitag, 18.04.2025<br>Liturgie vom Leiden und Sterben Jesu Christi<\/strong><br>&#8222;O Haupt voll Blut und Wunden&#8220;<br>&#8222;Popule meus&#8220;<br>&#8222;Per signum crucis&#8220;<br>&#8222;O bone Jesu&#8220;<\/p>\n\n\n\n<p class=\"has-normal-font-size\"><strong>Montag, 17.04.2025<br>Abendsegen<\/strong><br>&#8222;Santo, santo, santo&#8220;<br>&#8222;In Christus ist mein ganzer Halt&#8220;<br>&#8222;Frieden&#8220; (G. Fischer)<br>&#8222;Irischer Segenswunsch&#8220;<\/p>\n\n\n\n<p class=\"has-normal-font-size\"><strong>Dienstag, 24.12.2024<br>Christmette am Heiligen Abend<\/strong><br>&#8222;Motette zum Advent&#8220;<br>&#8222;Tief im kalten Winter &#8211; In The Bleak Midwinter&#8220;<br>&#8222;Heilges Licht von Bethlehem &#8211; Licht \u00fcber Bethlehem&#8220;<\/p>\n\n\n\n<p class=\"has-normal-font-size\"><strong>Sonntag, 08.12.2024<br>Gottesdienst &#8222;Versammelt in seinem Namen&#8220;<\/strong><br>&#8222;Behutsam leise nimmst du fort&#8220;<br>&#8222;In das Warten dieser Welt&#8220;<br>&#8222;O Herr, welch ein Morgen&#8220;<br>&#8222;Jingle Bells Swing&#8220;<\/p>\n\n\n\n<p class=\"has-normal-font-size\"><strong>Freitag, 06.12.2024<br>Heilige Messe zu Ehren des Hl. Nikolaus<\/strong><br>&#8222;Kyrie&#8220; aus der Missa For You(th) (T. Baumann)<br>&#8222;Liebe ist nicht nur ein Wort&#8220;<br>&#8222;Gro\u00df ist der Herr&#8220; (P. E. Bach)<br>&#8222;Geh unter der Gnade&#8220;<\/p>\n\n\n\n<p class=\"has-normal-font-size\"><strong>Freitag, 16.08.2024<br>Pfarrfest<\/strong><br>&#8222;Sch\u00f6n, dat Du do bes&#8220;<br>&#8222;Vergn\u00fcgte Stunden&#8220;<br>&#8222;Dat es Heimat&#8220;<\/p>\n\n\n\n<p class=\"has-normal-font-size\"><strong>Freitag, 16.08.2024<br>Heilige Messe zu Ehren des Hl. Rochus<\/strong><br>&#8222;Ich lobe meinen Gott von ganzem Herzen&#8220;<br>&#8222;Credo&#8220; aus der Missa For You(th) (T. Baumann)<br>&#8222;Heilig, Heilig, Heilig&#8220; (K. Heizmann)<br>&#8222;Sei unser Gott&#8220;<br><\/p>\n\n\n\n<p class=\"has-normal-font-size\"><strong>Sonntag, 02.06.2024<br>Fronleichnam (Prozession)<\/strong><br>&#8222;Pange Lingua&#8220; (M. Haller)<br>&#8222;Sacris Solemniis&#8220; (M. Haller)<br>&#8222;Verbum supernum&#8220; (M. Haller)<br>&#8222;Aeterne Rex&#8220; (M. Haller)<br>&#8222;Tantum ergo&#8220; (A. Bruckner)<br>&#8222;Tanum ergo&#8220;  (A. Br\u00f6ker)<br>&#8222;Jesus dulcis memoria&#8220; (W. Stockhausen)<br><\/p>\n\n\n\n<p class=\"has-normal-font-size\"><strong>Sonntag, 26.05.2024<\/strong><br><strong>Heilige Messe<\/strong><br>mit Auff\u00fchrung der &#8222;Pastoral-Messe&#8220; von Ignaz Reimann<\/p>\n\n\n\n<p class=\"has-normal-font-size\"><strong>Samstag, 30.03.2024<br>Osternachtsfeier<\/strong><br>&#8222;Halleluja-Ruf&#8220; (C. Mawby)<br>&#8222;In Christus ist mein ganzer Halt&#8220;<br>&#8222;Lobe den Herrn, meine Seele&#8220;<br>&#8222;Regina coeli&#8220; (A. Lotti)<\/p>\n\n\n\n<p class=\"has-normal-font-size\"><strong>Karfeitag, 29.03.2024<br>Liturgie vom Leiden und Sterben Jesu Christi<\/strong><br>&#8222;O Haupt voll Blut und Wunden&#8220;<br>&#8222;Popule meus&#8220;<br>&#8222;Per signum crucis&#8220;<br>&#8222;O bone Jesu&#8220;<\/p>\n\n\n\n<p class=\"has-normal-font-size\"><strong>Samstag, 30.12.2023<br>&#8222;H\u00f6rt es klingen hoch vom Himmelszelt&#8220; &#8211;<br>ein weihnachtliches Konzert zum Jahresende<br><\/strong>&#8222;Der See friert zu&#8220;<br>&#8222;Tief im kalten Winter &#8211; In The Bleak Midwinter&#8220;<br>&#8222;H\u00f6rt es klingen hoch vom Himmelszelt&#8220;<br>&#8222;Jingel Bells Swing&#8220;<br>&#8222;Frieden&#8220; (G. Fischer)<br>&#8222;Kutt joot heim&#8220;<\/p>\n\n\n\n<p class=\"has-normal-font-size\"><strong>Heilig Abend, 24.12.2023<br>Christmette<\/strong><br>&#8222;Motette zum Advent&#8220;<br>&#8222;Transeamus usque Bethlehem&#8220;<br>&#8222;In tiefer Nacht&#8220;<br>&#8222;Frieden&#8220; (G. Fischer)<\/p>\n\n\n\n<p class=\"has-normal-font-size\"><strong>Mittwoch, 06.12.2023<br>Heilige Messe zu Ehren unseres Pfarrpatrons Hl. Nikolaus<\/strong><br>&#8222;Kyrie&#8220; aus der Pastoral-Messe von Ignaz Reimann<br>&#8222;Sanctus&#8220; aus der Pastoral-Messe von Ignaz Reimann<br>&#8222;Agnus Dei&#8220; aus der &#8222;Missa For You(th) von Tjark Baumann<br>&#8222;Da ber\u00fchren sich Himmel und Erde&#8220;<\/p>\n\n\n\n<p class=\"has-normal-font-size\"><strong>Mittwoch, 16.08.2023<br>Heilige Messe<\/strong> <strong>zu Ehren unseres Pfarrpatrons Hl. Rochus<\/strong><br>&#8222;Kyrie&#8220; aus der Missa For You(th)<br>&#8222;Gro\u00df ist der Herr&#8220; (P. E. Bach)<br>&#8222;Du, dessen Name heilig ist&#8220;<br>&#8222;Irischer Segenswunsch&#8220;<\/p>\n\n\n\n<p class=\"has-normal-font-size\"><strong>Freitag, 14.07.2023<br>\u00d6kumen. Gottesdienst zum Flutgedenken<\/strong><br>&#8222;Geh unter der Gnade&#8220;<br>&#8222;Du, dessen Name heilig ist&#8220;<br>&#8222;Liebe ist nicht nur ein Wort&#8220;<\/p>\n\n\n\n<p class=\"has-normal-font-size\"><strong>Freitag, 19.05.2023<br>Mit Maria auf dem Weg &#8211; Marienandacht<\/strong><br>&#8222;Gegr\u00fc\u00dfet seist du K\u00f6nigin&#8220;<br>&#8222;Meerstern ich dich gr\u00fc\u00dfe&#8220;<br>&#8222;Maria dich lieben ist allzeit mein Sinn&#8220;<br>&#8222;Senora Dona Maria&#8220;<br>&#8222;Ave Maria&#8220; (J. Arcadelt)<\/p>\n\n\n\n<p class=\"has-normal-font-size\"><strong>Ostersonntag, 09.04.2023<br>Osterhochamt<\/strong><br>&#8222;Missa For You(th)&#8220; &#8211; PopMesse von Tjark Baumann<br>&#8222;Freude \u00fcber Freude, das Grab ist leer&#8220;<\/p>\n","protected":false},"excerpt":{"rendered":"<p>. Unsere n\u00e4chsten Termine: Karfreitag, 03.04.2026, 15.00 UhrKarfreitagsliturgie in Dernau Ostersonntag, 05.04.2026, 11.00 UhrHochamt zu Ostern Sonntag, 12.04.2026, 9.30 UhrGottesdienst &#8222;Verwammelt in seinem Namen&#8220; jeden Dienstag, Chorprobeim Pfarrsaal (Dorfstra\u00dfe), 19.30 Uhr &#8211; 21.00 UhrHerzliche Einladung an alle Interessierte. Unsere Auftritte der vergangen Monate: Mittwoch, 24.12.2025Christmette am Heiligen Abend&#8222;Motette zum Advent&#8220;&#8222;Geboren ist das Kind zur Nacht&#8220;&#8222;Transeamus unque Bethlehem&#8220;&#8222;Fest der Freude&#8220; Samstag, 06.12.2025Heilige Messe zu Ehren des Hl. Nikolaus&#8222;In das Warten dieser Welt&#8220;&#8222;Herr deine G\u00fcte reicht so weit&#8220;&#8222;Sanctus&#8220; aus der &#8222;Missa For You(th)&#8220; Samstag, 15.11.2025&#8222;Missa For You &#8211; ein spiritueller Abend f\u00fcr Dich!&#8220; Der Kirchenprojektchor Mayscho\u00df ludt am Samstag, dem 15.11.25 in die Pfarrkirche Mayscho\u00df zu einem spirituellen Abend mit Musik, Texten und Impulsen ein. Im Mittelpunkt <a class=\"more-link\" href=\"https:\/\/kirche-in-mayschoss.de\/?page_id=631\"><span class=\"screen-reader-text\">  Aktuelles und Termine<\/span> weiterlesen<span class=\"meta-nav\">&rarr;<\/span><\/a><\/p>\n","protected":false},"author":1,"featured_media":0,"parent":79,"menu_order":0,"comment_status":"closed","ping_status":"closed","template":"page-fullwidth.php","meta":{"footnotes":""},"class_list":["post-631","page","type-page","status-publish","hentry"],"_links":{"self":[{"href":"https:\/\/kirche-in-mayschoss.de\/index.php?rest_route=\/wp\/v2\/pages\/631","targetHints":{"allow":["GET"]}}],"collection":[{"href":"https:\/\/kirche-in-mayschoss.de\/index.php?rest_route=\/wp\/v2\/pages"}],"about":[{"href":"https:\/\/kirche-in-mayschoss.de\/index.php?rest_route=\/wp\/v2\/types\/page"}],"author":[{"embeddable":true,"href":"https:\/\/kirche-in-mayschoss.de\/index.php?rest_route=\/wp\/v2\/users\/1"}],"replies":[{"embeddable":true,"href":"https:\/\/kirche-in-mayschoss.de\/index.php?rest_route=%2Fwp%2Fv2%2Fcomments&post=631"}],"version-history":[{"count":78,"href":"https:\/\/kirche-in-mayschoss.de\/index.php?rest_route=\/wp\/v2\/pages\/631\/revisions"}],"predecessor-version":[{"id":5580,"href":"https:\/\/kirche-in-mayschoss.de\/index.php?rest_route=\/wp\/v2\/pages\/631\/revisions\/5580"}],"up":[{"embeddable":true,"href":"https:\/\/kirche-in-mayschoss.de\/index.php?rest_route=\/wp\/v2\/pages\/79"}],"wp:attachment":[{"href":"https:\/\/kirche-in-mayschoss.de\/index.php?rest_route=%2Fwp%2Fv2%2Fmedia&parent=631"}],"curies":[{"name":"wp","href":"https:\/\/api.w.org\/{rel}","templated":true}]}}