{"id":56,"date":"2020-05-10T16:36:48","date_gmt":"2020-05-10T16:36:48","guid":{"rendered":"http:\/\/kirche-in-mayschoss.de\/?page_id=56"},"modified":"2026-01-03T08:44:14","modified_gmt":"2026-01-03T08:44:14","slug":"kontakt","status":"publish","type":"page","link":"https:\/\/kirche-in-mayschoss.de\/?page_id=56","title":{"rendered":"Wir \u00fcber uns"},"content":{"rendered":"\n<p class=\"has-normal-font-size\"> Herzlich Willkommen auf der Internetseite der Kirchengemeinde Mayscho\u00df.<\/p>\n\n\n\n<p class=\"has-normal-font-size\">Wir sind als Kirchengemeinde Mayscho\u00df ein Pfarrbezirk der seit dem 1. Januar 2026 errichteten Pfarrei &#8222;St. Andreas Ahreifel&#8220; im Bistum Trier.<\/p>\n\n\n\n<p class=\"has-normal-font-size\">Die Pfarrei \u201eSt. Andreas Ahreifel\u201c besteht aus folgenden Pfarrbezirken:<br>&#8211;  Maria Verk\u00fcndigung Altenahr,<br>&#8211;  St. Nikolaus Berg (Vischel-Freisheim),<br>&#8211;  St. Johannes Ap. Dernau,<br>&#8211;  St. Pankratius und St. Margarita Heckenbach,<br>&#8211;  St. Kunibert H\u00f6nningen,<br>&#8211;  St. Petrus Kesseling,<br>&#8211;  St. Martin Kirchsahr,<br>&#8211;  St. Notburgis Lind,<br>&#8211;  St. Nikolaus u. St. Rochus Mayscho\u00df<br>&#8211;  St. Luzia Rech<\/p>\n\n\n\n<p class=\"has-normal-font-size\">Die Namensgebung h\u00e4lt die Erinnerung an die in Folge der Flutkatastrophe zerst\u00f6rte Kirche St. Andreas in Ahrbr\u00fcck wach. Zugleich steht der erstberufene Apostel auch f\u00fcr einen neuen Anfang. Die Botschaft des Menschenfischers Andreas ist das verbindende Netz f\u00fcr die Christinnen und Christen in der neuen Pfarrei.<\/p>\n\n\n\n<p class=\"has-normal-font-size\">Unsere Kirche liegt mitten im Ortskern des sch\u00f6nen Weindorfes Mayscho\u00df an der Mittelahr und ist den heiligen Schutzpatronen St. Nikolaus und St. Rochus geweiht.<\/p>\n\n\n\n<p class=\"has-normal-font-size\">Wir m\u00f6chten Ihnen auf dieser Internetseite Informationen \u00fcber das Gemeindeleben geben und Sie auf damit auf dem laufenden halten, was in und um Mayscho\u00df herum passiert. <br>Diese Seite soll auch eine Plattform sein f\u00fcr Ihre Gebetsimpulse, spirituelle Texte, Gedanken zu aktuellen gesellschaftlichen Themen mit Bezug zu Gott.<\/p>\n\n\n\n<p class=\"has-normal-font-size\"> Haben Sie Fragen? Haben Sie Ideen? M\u00f6chten Sie sich einbringen in das Gemeindeleben? Nehmen Sie Kontakt zu uns auf. Wir freuen uns auf jegliche Unterst\u00fctzung.<\/p>\n\n\n\n<p class=\"has-normal-font-size\">Schreiben Sie uns eine Email unter: <strong>kontakt@kirche-in-mayschoss.de<\/strong><\/p>\n\n\n\n<p class=\"has-normal-font-size\">Vielen Dank.<\/p>\n\n\n\n<p><\/p>\n","protected":false},"excerpt":{"rendered":"<p>Herzlich Willkommen auf der Internetseite der Kirchengemeinde Mayscho\u00df. Wir sind als Kirchengemeinde Mayscho\u00df ein Pfarrbezirk der seit dem 1. Januar 2026 errichteten Pfarrei &#8222;St. Andreas Ahreifel&#8220; im Bistum Trier. Die Pfarrei \u201eSt. Andreas Ahreifel\u201c besteht aus folgenden Pfarrbezirken:&#8211; Maria Verk\u00fcndigung Altenahr,&#8211; St. Nikolaus Berg (Vischel-Freisheim),&#8211; St. Johannes Ap. Dernau,&#8211; St. Pankratius und St. Margarita Heckenbach,&#8211; St. Kunibert H\u00f6nningen,&#8211; St. Petrus Kesseling,&#8211; St. Martin Kirchsahr,&#8211; St. Notburgis Lind,&#8211; St. Nikolaus u. St. Rochus Mayscho\u00df&#8211; St. Luzia Rech Die Namensgebung h\u00e4lt die Erinnerung an die in Folge der Flutkatastrophe zerst\u00f6rte Kirche St. Andreas in Ahrbr\u00fcck wach. Zugleich steht der erstberufene Apostel auch f\u00fcr einen neuen Anfang. Die Botschaft des Menschenfischers Andreas ist das verbindende Netz f\u00fcr die <a class=\"more-link\" href=\"https:\/\/kirche-in-mayschoss.de\/?page_id=56\"><span class=\"screen-reader-text\">  Wir \u00fcber uns<\/span> weiterlesen<span class=\"meta-nav\">&rarr;<\/span><\/a><\/p>\n","protected":false},"author":1,"featured_media":0,"parent":0,"menu_order":0,"comment_status":"closed","ping_status":"closed","template":"page-fullwidth.php","meta":{"footnotes":""},"class_list":["post-56","page","type-page","status-publish","hentry"],"_links":{"self":[{"href":"https:\/\/kirche-in-mayschoss.de\/index.php?rest_route=\/wp\/v2\/pages\/56","targetHints":{"allow":["GET"]}}],"collection":[{"href":"https:\/\/kirche-in-mayschoss.de\/index.php?rest_route=\/wp\/v2\/pages"}],"about":[{"href":"https:\/\/kirche-in-mayschoss.de\/index.php?rest_route=\/wp\/v2\/types\/page"}],"author":[{"embeddable":true,"href":"https:\/\/kirche-in-mayschoss.de\/index.php?rest_route=\/wp\/v2\/users\/1"}],"replies":[{"embeddable":true,"href":"https:\/\/kirche-in-mayschoss.de\/index.php?rest_route=%2Fwp%2Fv2%2Fcomments&post=56"}],"version-history":[{"count":15,"href":"https:\/\/kirche-in-mayschoss.de\/index.php?rest_route=\/wp\/v2\/pages\/56\/revisions"}],"predecessor-version":[{"id":5331,"href":"https:\/\/kirche-in-mayschoss.de\/index.php?rest_route=\/wp\/v2\/pages\/56\/revisions\/5331"}],"wp:attachment":[{"href":"https:\/\/kirche-in-mayschoss.de\/index.php?rest_route=%2Fwp%2Fv2%2Fmedia&parent=56"}],"curies":[{"name":"wp","href":"https:\/\/api.w.org\/{rel}","templated":true}]}}