{"id":474,"date":"2020-05-23T15:47:59","date_gmt":"2020-05-23T15:47:59","guid":{"rendered":"http:\/\/kirche-in-mayschoss.de\/?page_id=474"},"modified":"2020-11-08T21:08:28","modified_gmt":"2020-11-08T21:08:28","slug":"links","status":"publish","type":"page","link":"https:\/\/kirche-in-mayschoss.de\/?page_id=474","title":{"rendered":"Links"},"content":{"rendered":"\n<p>Hier finden Sie in k\u00fcrze Links zu befreundeten Partnerseiten:<\/p>\n\n\n\n<p><\/p>\n\n\n\n<p>Hinweis: Unser Angebot enth\u00e4lt Links zu externen Webseiten Dritter, auf deren Inhalte wir keinen Einfluss haben. F\u00fcr diese fremden Inhalte k\u00f6nnen wir\u00a0keine Gew\u00e4hr \u00fcbernehmen. F\u00fcr die Inhalte der verlinkten Seiten ist stets der jeweilige Anbieter oder Betreiber der Seiten verantwortlich. Wir distanzieren uns ausdr\u00fccklich von den Inhalten der verlinkten Seiten.<\/p>\n","protected":false},"excerpt":{"rendered":"<p>Hier finden Sie in k\u00fcrze Links zu befreundeten Partnerseiten: Hinweis: Unser Angebot enth\u00e4lt Links zu externen Webseiten Dritter, auf deren Inhalte wir keinen Einfluss haben. F\u00fcr diese fremden Inhalte k\u00f6nnen wir\u00a0keine Gew\u00e4hr \u00fcbernehmen. F\u00fcr die Inhalte der verlinkten Seiten ist stets der jeweilige Anbieter oder Betreiber der Seiten verantwortlich. Wir distanzieren uns ausdr\u00fccklich von den Inhalten der verlinkten Seiten.<\/p>\n","protected":false},"author":1,"featured_media":0,"parent":0,"menu_order":0,"comment_status":"closed","ping_status":"closed","template":"page-fullwidth.php","meta":{"footnotes":""},"class_list":["post-474","page","type-page","status-publish","hentry"],"_links":{"self":[{"href":"https:\/\/kirche-in-mayschoss.de\/index.php?rest_route=\/wp\/v2\/pages\/474","targetHints":{"allow":["GET"]}}],"collection":[{"href":"https:\/\/kirche-in-mayschoss.de\/index.php?rest_route=\/wp\/v2\/pages"}],"about":[{"href":"https:\/\/kirche-in-mayschoss.de\/index.php?rest_route=\/wp\/v2\/types\/page"}],"author":[{"embeddable":true,"href":"https:\/\/kirche-in-mayschoss.de\/index.php?rest_route=\/wp\/v2\/users\/1"}],"replies":[{"embeddable":true,"href":"https:\/\/kirche-in-mayschoss.de\/index.php?rest_route=%2Fwp%2Fv2%2Fcomments&post=474"}],"version-history":[{"count":3,"href":"https:\/\/kirche-in-mayschoss.de\/index.php?rest_route=\/wp\/v2\/pages\/474\/revisions"}],"predecessor-version":[{"id":724,"href":"https:\/\/kirche-in-mayschoss.de\/index.php?rest_route=\/wp\/v2\/pages\/474\/revisions\/724"}],"wp:attachment":[{"href":"https:\/\/kirche-in-mayschoss.de\/index.php?rest_route=%2Fwp%2Fv2%2Fmedia&parent=474"}],"curies":[{"name":"wp","href":"https:\/\/api.w.org\/{rel}","templated":true}]}}