{"id":371,"date":"2020-05-17T16:14:54","date_gmt":"2020-05-17T16:14:54","guid":{"rendered":"http:\/\/kirche-in-mayschoss.de\/?page_id=371"},"modified":"2023-09-25T16:27:48","modified_gmt":"2023-09-25T16:27:48","slug":"kuesterdienst","status":"publish","type":"page","link":"https:\/\/kirche-in-mayschoss.de\/?page_id=371","title":{"rendered":"K\u00fcsterdienst"},"content":{"rendered":"\n<p>Der Begriff \u201eK\u00fcster\u201c kommt vom lateinischen Wort \u201ecustos\u201c &#8211; der H\u00fcter oder W\u00e4chter. Der Beruf des K\u00fcsters ist einer der \u00e4ltesten Gemeindedienste.<\/p>\n\n\n\n<p>K\u00fcsterinnen und K\u00fcster haben zahlreiche und vielf\u00e4ltige Aufgaben, sie sind die \u201egute Seelen\u201c, ohne die Gemeindeleben nicht funktionieren w\u00fcrde, die einen Blick daf\u00fcr haben, was wo gebraucht wird, und die der Gemeinde ein Gesicht geben. K\u00fcster sind in der Regel die ersten Menschen, die vor einem Gottesdienst die Kirche betreten. Sie sind f\u00fcr die Vor- und Nachbereitung zust\u00e4ndig. Neben den Gottesdiensten sind sie auch f\u00fcr Hochzeiten, Taufen, Beerdigungen und andere Feierlichkeiten ein wichtiger Ansprechpartner im Gotteshaus. Sie sorgen daf\u00fcr, dass unsere Kirche tags\u00fcber f\u00fcr Besucher offen steht, sie l\u00e4uten die Glocken und k\u00fcmmern sich w\u00e4hrend der Heizperiode f\u00fcr eine warme Kirche bei den Gottesdiensten.<\/p>\n\n\n\n<p>In unserer Kirchengemeinde wird der K\u00fcsterdienst durch ein Team ausgef\u00fchrt:<br>Hubertus Kunz<br>Ingeborg N\u00e4kel<br>Sascha Neuert<\/p>\n","protected":false},"excerpt":{"rendered":"<p>Der Begriff \u201eK\u00fcster\u201c kommt vom lateinischen Wort \u201ecustos\u201c &#8211; der H\u00fcter oder W\u00e4chter. Der Beruf des K\u00fcsters ist einer der \u00e4ltesten Gemeindedienste. K\u00fcsterinnen und K\u00fcster haben zahlreiche und vielf\u00e4ltige Aufgaben, sie sind die \u201egute Seelen\u201c, ohne die Gemeindeleben nicht funktionieren w\u00fcrde, die einen Blick daf\u00fcr haben, was wo gebraucht wird, und die der Gemeinde ein Gesicht geben. K\u00fcster sind in der Regel die ersten Menschen, die vor einem Gottesdienst die Kirche betreten. Sie sind f\u00fcr die Vor- und Nachbereitung zust\u00e4ndig. Neben den Gottesdiensten sind sie auch f\u00fcr Hochzeiten, Taufen, Beerdigungen und andere Feierlichkeiten ein wichtiger Ansprechpartner im Gotteshaus. Sie sorgen daf\u00fcr, dass unsere Kirche tags\u00fcber f\u00fcr Besucher offen steht, sie l\u00e4uten die Glocken und k\u00fcmmern <a class=\"more-link\" href=\"https:\/\/kirche-in-mayschoss.de\/?page_id=371\"><span class=\"screen-reader-text\">  K\u00fcsterdienst<\/span> weiterlesen<span class=\"meta-nav\">&rarr;<\/span><\/a><\/p>\n","protected":false},"author":1,"featured_media":0,"parent":207,"menu_order":0,"comment_status":"closed","ping_status":"closed","template":"page-fullwidth.php","meta":{"footnotes":""},"class_list":["post-371","page","type-page","status-publish","hentry"],"_links":{"self":[{"href":"https:\/\/kirche-in-mayschoss.de\/index.php?rest_route=\/wp\/v2\/pages\/371","targetHints":{"allow":["GET"]}}],"collection":[{"href":"https:\/\/kirche-in-mayschoss.de\/index.php?rest_route=\/wp\/v2\/pages"}],"about":[{"href":"https:\/\/kirche-in-mayschoss.de\/index.php?rest_route=\/wp\/v2\/types\/page"}],"author":[{"embeddable":true,"href":"https:\/\/kirche-in-mayschoss.de\/index.php?rest_route=\/wp\/v2\/users\/1"}],"replies":[{"embeddable":true,"href":"https:\/\/kirche-in-mayschoss.de\/index.php?rest_route=%2Fwp%2Fv2%2Fcomments&post=371"}],"version-history":[{"count":5,"href":"https:\/\/kirche-in-mayschoss.de\/index.php?rest_route=\/wp\/v2\/pages\/371\/revisions"}],"predecessor-version":[{"id":3197,"href":"https:\/\/kirche-in-mayschoss.de\/index.php?rest_route=\/wp\/v2\/pages\/371\/revisions\/3197"}],"up":[{"embeddable":true,"href":"https:\/\/kirche-in-mayschoss.de\/index.php?rest_route=\/wp\/v2\/pages\/207"}],"wp:attachment":[{"href":"https:\/\/kirche-in-mayschoss.de\/index.php?rest_route=%2Fwp%2Fv2%2Fmedia&parent=371"}],"curies":[{"name":"wp","href":"https:\/\/api.w.org\/{rel}","templated":true}]}}