{"id":366,"date":"2020-05-16T14:38:14","date_gmt":"2020-05-16T14:38:14","guid":{"rendered":"http:\/\/kirche-in-mayschoss.de\/?page_id=366"},"modified":"2020-10-31T20:03:03","modified_gmt":"2020-10-31T20:03:03","slug":"orgel-der-pfarrkirche","status":"publish","type":"page","link":"https:\/\/kirche-in-mayschoss.de\/?page_id=366","title":{"rendered":"Orgel der Pfarrkirche"},"content":{"rendered":"\n<p>Die Orgel unserer Pfarrkirche im Turm stammt von der Orgelbaufirma Stahlhuth aus Aachen, Baujahr 1910, und hatte urspr\u00fcnglich 19 Register auf zwei Manualen und Pedal. Eingebaut ist sie in ein historisches K\u00f6nig-Geh\u00e4use. Der f\u00fcnfteilige barocke Prospekt stammt mutma\u00dflich aus dem ehemaligen Augustinerinnenkloster Marienthal, ca. 1750.<\/p>\n\n\n\n<p>Dank der gro\u00dfz\u00fcgigen Zuwendung des Prinzen Pierre von Arenberg, der \u00f6rtlichen Banken Kreissparkasse Ahrweiler und Volksbank Rhein-Ahr-Eifel, vieler \u00f6rtlicher Vereine und zahlreicher Privatpersonen konnte die Orgel im Jahr 2017 \u00fcberholt, gereinigt und neu intoniert werden.<\/p>\n","protected":false},"excerpt":{"rendered":"<p>Die Orgel unserer Pfarrkirche im Turm stammt von der Orgelbaufirma Stahlhuth aus Aachen, Baujahr 1910, und hatte urspr\u00fcnglich 19 Register auf zwei Manualen und Pedal. Eingebaut ist sie in ein historisches K\u00f6nig-Geh\u00e4use. Der f\u00fcnfteilige barocke Prospekt stammt mutma\u00dflich aus dem ehemaligen Augustinerinnenkloster Marienthal, ca. 1750. Dank der gro\u00dfz\u00fcgigen Zuwendung des Prinzen Pierre von Arenberg, der \u00f6rtlichen Banken Kreissparkasse Ahrweiler und Volksbank Rhein-Ahr-Eifel, vieler \u00f6rtlicher Vereine und zahlreicher Privatpersonen konnte die Orgel im Jahr 2017 \u00fcberholt, gereinigt und neu intoniert werden.<\/p>\n","protected":false},"author":1,"featured_media":0,"parent":49,"menu_order":0,"comment_status":"closed","ping_status":"closed","template":"page-fullwidth.php","meta":{"footnotes":""},"class_list":["post-366","page","type-page","status-publish","hentry"],"_links":{"self":[{"href":"https:\/\/kirche-in-mayschoss.de\/index.php?rest_route=\/wp\/v2\/pages\/366","targetHints":{"allow":["GET"]}}],"collection":[{"href":"https:\/\/kirche-in-mayschoss.de\/index.php?rest_route=\/wp\/v2\/pages"}],"about":[{"href":"https:\/\/kirche-in-mayschoss.de\/index.php?rest_route=\/wp\/v2\/types\/page"}],"author":[{"embeddable":true,"href":"https:\/\/kirche-in-mayschoss.de\/index.php?rest_route=\/wp\/v2\/users\/1"}],"replies":[{"embeddable":true,"href":"https:\/\/kirche-in-mayschoss.de\/index.php?rest_route=%2Fwp%2Fv2%2Fcomments&post=366"}],"version-history":[{"count":4,"href":"https:\/\/kirche-in-mayschoss.de\/index.php?rest_route=\/wp\/v2\/pages\/366\/revisions"}],"predecessor-version":[{"id":650,"href":"https:\/\/kirche-in-mayschoss.de\/index.php?rest_route=\/wp\/v2\/pages\/366\/revisions\/650"}],"up":[{"embeddable":true,"href":"https:\/\/kirche-in-mayschoss.de\/index.php?rest_route=\/wp\/v2\/pages\/49"}],"wp:attachment":[{"href":"https:\/\/kirche-in-mayschoss.de\/index.php?rest_route=%2Fwp%2Fv2%2Fmedia&parent=366"}],"curies":[{"name":"wp","href":"https:\/\/api.w.org\/{rel}","templated":true}]}}