{"id":305,"date":"2020-05-13T16:09:54","date_gmt":"2020-05-13T16:09:54","guid":{"rendered":"http:\/\/kirche-in-mayschoss.de\/?page_id=305"},"modified":"2020-10-25T14:09:07","modified_gmt":"2020-10-25T14:09:07","slug":"kirchengemeinde","status":"publish","type":"page","link":"https:\/\/kirche-in-mayschoss.de\/?page_id=305","title":{"rendered":"Pfarrgemeinde"},"content":{"rendered":"\n<figure class=\"wp-block-image size-large is-resized\"><img loading=\"lazy\" decoding=\"async\" src=\"http:\/\/kirche-in-mayschoss.de\/wp-content\/uploads\/2020\/09\/Mayschoss_Gemaelde_Friedrich_Heunert_ca_1834.jpg\" alt=\"\" class=\"wp-image-572\" width=\"480\" height=\"337\" srcset=\"https:\/\/kirche-in-mayschoss.de\/wp-content\/uploads\/2020\/09\/Mayschoss_Gemaelde_Friedrich_Heunert_ca_1834.jpg 1024w, https:\/\/kirche-in-mayschoss.de\/wp-content\/uploads\/2020\/09\/Mayschoss_Gemaelde_Friedrich_Heunert_ca_1834-300x211.jpg 300w, https:\/\/kirche-in-mayschoss.de\/wp-content\/uploads\/2020\/09\/Mayschoss_Gemaelde_Friedrich_Heunert_ca_1834-768x540.jpg 768w\" sizes=\"auto, (max-width: 480px) 100vw, 480px\" \/><figcaption>Mayschoss, Gem\u00e4lde von Friedrich Heunert, ca. 1834<\/figcaption><\/figure>\n\n\n\n<p>Mit dem Pfarrhaus aus dem Jahre 1790 und der Kindertagesst\u00e4tte (ehemaliges Kloster der Dernbacher Schwestern, das im Jahre 1899 von drei Geschwistern Cossmann gestiftet wurde), bildet die Kirche optisch den Mittelpunkt.<\/p>\n\n\n\n<p>Aus dem Jahre 1106 datiert die erste urkundliche Erw\u00e4hnung des Dorfes Mayscho\u00df. Embrico, ein Ministerialer des Grafen Adalbert von Saffenburg, stiftete seine Besitzungen bei &#8222;Meinscozen&#8220; (Mayscho\u00df) der neu gegr\u00fcndeten Abteil Klosterrath (heute Kloster Rolduc im niederl\u00e4ndischen Kerkrade an der Grenze zur deutschen Stadt Herzogenrath). Zu den erw\u00e4hnten Besitzungen geh\u00f6rte auch eine Kapelle, die der Vater Embricos erbaut hatte. Mayscho\u00df geh\u00f6rte zu dieser Zeit mit den anderen Orten der Herrschaft Saffenburg (Marienthal, Dernau, Rech, Mayscho\u00df, Laach) der Pfarrei Dernau an.<\/p>\n\n\n\n<p>Bereits 1334 ist von den Kirchspielen Dernau und Mayscho\u00df die Rede. Daraus kann man schlie\u00dfen, da\u00df Mayscho\u00df schon damals einen eigenen Seelsorger mit eingeschr\u00e4nkten Rechten hatte. 1382 wird eine Katharinenkapelle in Mayscho\u00df erw\u00e4hnt.<\/p>\n\n\n\n<figure class=\"wp-block-image size-large is-resized\"><img loading=\"lazy\" decoding=\"async\" src=\"http:\/\/kirche-in-mayschoss.de\/wp-content\/uploads\/2020\/09\/Pfarrkirche_Mayschoss_2017-3-814x1024.jpg\" alt=\"\" class=\"wp-image-573\" width=\"454\" height=\"571\" srcset=\"https:\/\/kirche-in-mayschoss.de\/wp-content\/uploads\/2020\/09\/Pfarrkirche_Mayschoss_2017-3-814x1024.jpg 814w, https:\/\/kirche-in-mayschoss.de\/wp-content\/uploads\/2020\/09\/Pfarrkirche_Mayschoss_2017-3-239x300.jpg 239w, https:\/\/kirche-in-mayschoss.de\/wp-content\/uploads\/2020\/09\/Pfarrkirche_Mayschoss_2017-3-768x966.jpg 768w, https:\/\/kirche-in-mayschoss.de\/wp-content\/uploads\/2020\/09\/Pfarrkirche_Mayschoss_2017-3-1222x1536.jpg 1222w, https:\/\/kirche-in-mayschoss.de\/wp-content\/uploads\/2020\/09\/Pfarrkirche_Mayschoss_2017-3-1629x2048.jpg 1629w, https:\/\/kirche-in-mayschoss.de\/wp-content\/uploads\/2020\/09\/Pfarrkirche_Mayschoss_2017-3-scaled.jpg 2036w\" sizes=\"auto, (max-width: 454px) 100vw, 454px\" \/><figcaption>Pfarrkirche heute<\/figcaption><\/figure>\n\n\n\n<p>Vor der Erhebung zu einer eigenen Pfarrei mu\u00df in Mayscho\u00df schon eine gro\u00dfere Kirche gestanden haben, die in der Mayschosser Chronik f\u00fcr das Jahr 1637 erw\u00e4hnt wird. In dieser Kirche hatten die Grafen von Virneburg, die eine Zeit lang die Herren der Saffenburg waren, eine &#8222;Erbbegr\u00e4bnisst\u00e4tte&#8220;. Am 14. November 1537 wurde Mayscho\u00df zu einer eigenen Pfarrei erhoben. Sie unterstand dem Kloster Marienthal und sp\u00e4ter der Abtei Klosterrath. 1802 kam die Pfarrei Mayscho\u00df zur Di\u00f6zese Aachen. Seit 1824 bis zum heutigen Tag geh\u00f6rt sie der Di\u00f6zese Trier an und ist dem Dekanat Ahr-Eifel zugeordnet.<\/p>\n","protected":false},"excerpt":{"rendered":"<p>Mit dem Pfarrhaus aus dem Jahre 1790 und der Kindertagesst\u00e4tte (ehemaliges Kloster der Dernbacher Schwestern, das im Jahre 1899 von drei Geschwistern Cossmann gestiftet wurde), bildet die Kirche optisch den Mittelpunkt. Aus dem Jahre 1106 datiert die erste urkundliche Erw\u00e4hnung des Dorfes Mayscho\u00df. Embrico, ein Ministerialer des Grafen Adalbert von Saffenburg, stiftete seine Besitzungen bei &#8222;Meinscozen&#8220; (Mayscho\u00df) der neu gegr\u00fcndeten Abteil Klosterrath (heute Kloster Rolduc im niederl\u00e4ndischen Kerkrade an der Grenze zur deutschen Stadt Herzogenrath). Zu den erw\u00e4hnten Besitzungen geh\u00f6rte auch eine Kapelle, die der Vater Embricos erbaut hatte. Mayscho\u00df geh\u00f6rte zu dieser Zeit mit den anderen Orten der Herrschaft Saffenburg (Marienthal, Dernau, Rech, Mayscho\u00df, Laach) der Pfarrei Dernau an. Bereits 1334 ist von den <a class=\"more-link\" href=\"https:\/\/kirche-in-mayschoss.de\/?page_id=305\"><span class=\"screen-reader-text\">  Pfarrgemeinde<\/span> weiterlesen<span class=\"meta-nav\">&rarr;<\/span><\/a><\/p>\n","protected":false},"author":1,"featured_media":0,"parent":49,"menu_order":2,"comment_status":"closed","ping_status":"closed","template":"page-fullwidth.php","meta":{"footnotes":""},"class_list":["post-305","page","type-page","status-publish","hentry"],"_links":{"self":[{"href":"https:\/\/kirche-in-mayschoss.de\/index.php?rest_route=\/wp\/v2\/pages\/305","targetHints":{"allow":["GET"]}}],"collection":[{"href":"https:\/\/kirche-in-mayschoss.de\/index.php?rest_route=\/wp\/v2\/pages"}],"about":[{"href":"https:\/\/kirche-in-mayschoss.de\/index.php?rest_route=\/wp\/v2\/types\/page"}],"author":[{"embeddable":true,"href":"https:\/\/kirche-in-mayschoss.de\/index.php?rest_route=\/wp\/v2\/users\/1"}],"replies":[{"embeddable":true,"href":"https:\/\/kirche-in-mayschoss.de\/index.php?rest_route=%2Fwp%2Fv2%2Fcomments&post=305"}],"version-history":[{"count":19,"href":"https:\/\/kirche-in-mayschoss.de\/index.php?rest_route=\/wp\/v2\/pages\/305\/revisions"}],"predecessor-version":[{"id":575,"href":"https:\/\/kirche-in-mayschoss.de\/index.php?rest_route=\/wp\/v2\/pages\/305\/revisions\/575"}],"up":[{"embeddable":true,"href":"https:\/\/kirche-in-mayschoss.de\/index.php?rest_route=\/wp\/v2\/pages\/49"}],"wp:attachment":[{"href":"https:\/\/kirche-in-mayschoss.de\/index.php?rest_route=%2Fwp%2Fv2%2Fmedia&parent=305"}],"curies":[{"name":"wp","href":"https:\/\/api.w.org\/{rel}","templated":true}]}}