{"id":207,"date":"2020-05-10T17:14:44","date_gmt":"2020-05-10T17:14:44","guid":{"rendered":"http:\/\/kirche-in-mayschoss.de\/?page_id=207"},"modified":"2022-01-29T07:34:54","modified_gmt":"2022-01-29T07:34:54","slug":"gruppen-und-vereine","status":"publish","type":"page","link":"https:\/\/kirche-in-mayschoss.de\/?page_id=207","title":{"rendered":"Gruppen und Vereine"},"content":{"rendered":"\n<p>Hier erfahren Sie n\u00e4heres \u00fcber die Gruppen und Vereine, die unser kirchliches Leben in Mayscho\u00df tragen und pr\u00e4gen. <\/p>\n\n\n\n<p>Bitte klicken Sie dazu die einzelnen Rubriken an.<\/p>\n","protected":false},"excerpt":{"rendered":"<p>Hier erfahren Sie n\u00e4heres \u00fcber die Gruppen und Vereine, die unser kirchliches Leben in Mayscho\u00df tragen und pr\u00e4gen. Bitte klicken Sie dazu die einzelnen Rubriken an.<\/p>\n","protected":false},"author":1,"featured_media":0,"parent":0,"menu_order":0,"comment_status":"closed","ping_status":"closed","template":"page-fullwidth.php","meta":{"footnotes":""},"class_list":["post-207","page","type-page","status-publish","hentry"],"_links":{"self":[{"href":"https:\/\/kirche-in-mayschoss.de\/index.php?rest_route=\/wp\/v2\/pages\/207","targetHints":{"allow":["GET"]}}],"collection":[{"href":"https:\/\/kirche-in-mayschoss.de\/index.php?rest_route=\/wp\/v2\/pages"}],"about":[{"href":"https:\/\/kirche-in-mayschoss.de\/index.php?rest_route=\/wp\/v2\/types\/page"}],"author":[{"embeddable":true,"href":"https:\/\/kirche-in-mayschoss.de\/index.php?rest_route=\/wp\/v2\/users\/1"}],"replies":[{"embeddable":true,"href":"https:\/\/kirche-in-mayschoss.de\/index.php?rest_route=%2Fwp%2Fv2%2Fcomments&post=207"}],"version-history":[{"count":5,"href":"https:\/\/kirche-in-mayschoss.de\/index.php?rest_route=\/wp\/v2\/pages\/207\/revisions"}],"predecessor-version":[{"id":1796,"href":"https:\/\/kirche-in-mayschoss.de\/index.php?rest_route=\/wp\/v2\/pages\/207\/revisions\/1796"}],"wp:attachment":[{"href":"https:\/\/kirche-in-mayschoss.de\/index.php?rest_route=%2Fwp%2Fv2%2Fmedia&parent=207"}],"curies":[{"name":"wp","href":"https:\/\/api.w.org\/{rel}","templated":true}]}}