{"id":115,"date":"2020-05-10T16:36:48","date_gmt":"2020-05-10T16:36:48","guid":{"rendered":"http:\/\/kirche-in-mayschoss.de\/?page_id=115"},"modified":"2020-11-14T13:19:46","modified_gmt":"2020-11-14T13:19:46","slug":"michaelskapelle","status":"publish","type":"page","link":"https:\/\/kirche-in-mayschoss.de\/?page_id=115","title":{"rendered":"Michaelskapelle"},"content":{"rendered":"\n<p>Der Engel Michael ist nach Heiligen Schriften des Judentums ein Erzengel und kommt in den Traditionen des Judentums, Christentums und Islams vor. In der neu-testamentlichen \u201eOffenbarung des Johannes\u201c besiegt der Erzengel Michael den Teufel in Gestalt eines Drachens und st\u00f6\u00dft ihn hinab auf die Erde. Daneben spielt Michael eine wichtige Rolle im Volksglauben. Er ist es, der ein Verzeichnis der guten und schlechten Taten eines jeden Menschen erstellt, das diesem zun\u00e4chst am Tag des Sterbens, aber auch am Tage des \u201eJ\u00fcngsten Gerichts\u201c vorgelegt wird und auf dessen Basis er \u00fcber ihn richtet. Er erscheint hier in der wichtigen Position des \u201eSeelenw\u00e4gers\u201c, in dem er die Seele des Verstorbenen auf ihrem Weg ins Jenseits geleitet. Dementsprechend wird er mit den Attributen Waage und Flammenschwert dargestellt.<\/p>\n\n\n\n<div class=\"wp-block-image\"><figure class=\"aligncenter size-large is-resized\"><img loading=\"lazy\" decoding=\"async\" src=\"http:\/\/kirche-in-mayschoss.de\/wp-content\/uploads\/2020\/10\/Michaelskapelle_Mayschoss_2020-839x1024.jpg\" alt=\"\" class=\"wp-image-588\" width=\"414\" height=\"505\" srcset=\"https:\/\/kirche-in-mayschoss.de\/wp-content\/uploads\/2020\/10\/Michaelskapelle_Mayschoss_2020-839x1024.jpg 839w, https:\/\/kirche-in-mayschoss.de\/wp-content\/uploads\/2020\/10\/Michaelskapelle_Mayschoss_2020-246x300.jpg 246w, https:\/\/kirche-in-mayschoss.de\/wp-content\/uploads\/2020\/10\/Michaelskapelle_Mayschoss_2020-768x938.jpg 768w, https:\/\/kirche-in-mayschoss.de\/wp-content\/uploads\/2020\/10\/Michaelskapelle_Mayschoss_2020-1258x1536.jpg 1258w, https:\/\/kirche-in-mayschoss.de\/wp-content\/uploads\/2020\/10\/Michaelskapelle_Mayschoss_2020-1677x2048.jpg 1677w\" sizes=\"auto, (max-width: 414px) 100vw, 414px\" \/><\/figure><\/div>\n\n\n\n<p>Die St. Michaels-Kapelle steht hoch auf einer Bergh\u00f6he \u00fcber den Weinbergen von Mayscho\u00df. In der Bev\u00f6lkerung wird sie auch \u201eTempelchen\u201c genannt. Sie ist dem Heiligen Erzengel Michael geweiht. Das \u201eTempelchen\u201c war ein fr\u00fcheres Aussichtst\u00fcrmchen des Eifelvereins und wurde von Kriegsheimkehrern 1969 (?) als neue Michealskapelle umgestaltet. Die Inschrift \u00fcber dem Eingang lautet \u201eQuis ut deus\u201c &#8211; Wer ist wie Gott?<\/p>\n\n\n\n<p>Jedes Jahr am Tag des Heiligen Michaels am 29. September unternehmen wir eine Lichterprozession zur Kapelle. Sie alle sind herzlich eingeladen, teilzunehmen.<\/p>\n\n\n\n<div class=\"wp-block-image\"><figure class=\"aligncenter size-large is-resized\"><img loading=\"lazy\" decoding=\"async\" src=\"http:\/\/kirche-in-mayschoss.de\/wp-content\/uploads\/2020\/10\/2020-10-06-Michaelsandacht-3-768x1024.jpg\" alt=\"\" class=\"wp-image-589\" width=\"413\" height=\"550\" srcset=\"https:\/\/kirche-in-mayschoss.de\/wp-content\/uploads\/2020\/10\/2020-10-06-Michaelsandacht-3-768x1024.jpg 768w, https:\/\/kirche-in-mayschoss.de\/wp-content\/uploads\/2020\/10\/2020-10-06-Michaelsandacht-3-225x300.jpg 225w, https:\/\/kirche-in-mayschoss.de\/wp-content\/uploads\/2020\/10\/2020-10-06-Michaelsandacht-3-1152x1536.jpg 1152w, https:\/\/kirche-in-mayschoss.de\/wp-content\/uploads\/2020\/10\/2020-10-06-Michaelsandacht-3-1536x2048.jpg 1536w, https:\/\/kirche-in-mayschoss.de\/wp-content\/uploads\/2020\/10\/2020-10-06-Michaelsandacht-3-scaled.jpg 1920w\" sizes=\"auto, (max-width: 413px) 100vw, 413px\" \/><\/figure><\/div>\n\n\n\n<p><\/p>\n\n\n\n<p><strong>Lied des Heiligen St. Michael:<\/strong><br><br>Du bist der himmlisch Bannerherr,<br>St. Michael!<br>die Engel sind dein K\u00f6nigsheer.<br>Hilf uns im Streite,<br>zum Sieg uns leite,<br>Sankt Michael!<br><br>Den Drachen du ergriffen hast,<br>St. Michael!<br>und unter deinen Fu\u00df gefasst.<br>Hilf uns im Streite,<br>zum Sieg uns leite,<br>Sankt Michael!<br><br>Besch\u00fctz mit deinem Schild und Schwert<br>St. Michael!<br>die Kirch, den Hirten und die Herd.<br>Hilf uns im Streite,<br>zum Sieg uns leite,<br>Sankt Michael!<\/p>\n","protected":false},"excerpt":{"rendered":"<p>Der Engel Michael ist nach Heiligen Schriften des Judentums ein Erzengel und kommt in den Traditionen des Judentums, Christentums und Islams vor. In der neu-testamentlichen \u201eOffenbarung des Johannes\u201c besiegt der Erzengel Michael den Teufel in Gestalt eines Drachens und st\u00f6\u00dft ihn hinab auf die Erde. Daneben spielt Michael eine wichtige Rolle im Volksglauben. Er ist es, der ein Verzeichnis der guten und schlechten Taten eines jeden Menschen erstellt, das diesem zun\u00e4chst am Tag des Sterbens, aber auch am Tage des \u201eJ\u00fcngsten Gerichts\u201c vorgelegt wird und auf dessen Basis er \u00fcber ihn richtet. Er erscheint hier in der wichtigen Position des \u201eSeelenw\u00e4gers\u201c, in dem er die Seele des Verstorbenen auf ihrem Weg ins Jenseits geleitet. Dementsprechend <a class=\"more-link\" href=\"https:\/\/kirche-in-mayschoss.de\/?page_id=115\"><span class=\"screen-reader-text\">  Michaelskapelle<\/span> weiterlesen<span class=\"meta-nav\">&rarr;<\/span><\/a><\/p>\n","protected":false},"author":1,"featured_media":0,"parent":49,"menu_order":0,"comment_status":"closed","ping_status":"closed","template":"page-fullwidth.php","meta":{"footnotes":""},"class_list":["post-115","page","type-page","status-publish","hentry"],"_links":{"self":[{"href":"https:\/\/kirche-in-mayschoss.de\/index.php?rest_route=\/wp\/v2\/pages\/115","targetHints":{"allow":["GET"]}}],"collection":[{"href":"https:\/\/kirche-in-mayschoss.de\/index.php?rest_route=\/wp\/v2\/pages"}],"about":[{"href":"https:\/\/kirche-in-mayschoss.de\/index.php?rest_route=\/wp\/v2\/types\/page"}],"author":[{"embeddable":true,"href":"https:\/\/kirche-in-mayschoss.de\/index.php?rest_route=\/wp\/v2\/users\/1"}],"replies":[{"embeddable":true,"href":"https:\/\/kirche-in-mayschoss.de\/index.php?rest_route=%2Fwp%2Fv2%2Fcomments&post=115"}],"version-history":[{"count":4,"href":"https:\/\/kirche-in-mayschoss.de\/index.php?rest_route=\/wp\/v2\/pages\/115\/revisions"}],"predecessor-version":[{"id":764,"href":"https:\/\/kirche-in-mayschoss.de\/index.php?rest_route=\/wp\/v2\/pages\/115\/revisions\/764"}],"up":[{"embeddable":true,"href":"https:\/\/kirche-in-mayschoss.de\/index.php?rest_route=\/wp\/v2\/pages\/49"}],"wp:attachment":[{"href":"https:\/\/kirche-in-mayschoss.de\/index.php?rest_route=%2Fwp%2Fv2%2Fmedia&parent=115"}],"curies":[{"name":"wp","href":"https:\/\/api.w.org\/{rel}","templated":true}]}}