{"id":112,"date":"2020-05-10T16:36:48","date_gmt":"2020-05-10T16:36:48","guid":{"rendered":"http:\/\/kirche-in-mayschoss.de\/?page_id=112"},"modified":"2020-10-25T14:08:21","modified_gmt":"2020-10-25T14:08:21","slug":"pfarrkirche","status":"publish","type":"page","link":"https:\/\/kirche-in-mayschoss.de\/?page_id=112","title":{"rendered":"Pfarrkirche St. Nikolaus &#038; St. Rochus"},"content":{"rendered":"\n<p>W\u00e4hrend des drei\u00dfigj\u00e4hrigen Krieges wurde das damalige Gotteshaus im Jahr 1632 von den Schweden vollst\u00e4ndig gepl\u00fcndert. 1668 wird erstmals in der Mayschosser Chronik Sankt Nikolaus als Pfarrpatron der Mayschosser Kirche erw\u00e4hnt. 1726 wurde der Neubau der sehr bauf\u00e4llig gewordenen Kirche an gleicher Stelle beschlossen. 1729 war der Kirchbau nach Abriss der alten Kirche vollendet.<\/p>\n\n\n\n<p>1730 konsekrierte der damile Abt von Klosterrath, Nikolaus Heyendal, die Kirche zu Ehren des Hl. Nikolaus. Neben dem Hl. Nikolaus erf\u00e4hrt der Kon-Patron der Kirche, der Hl. Rochus, gro\u00dfe Verehrung in der Pfarrgemeinde. Diese stammt aus der Zeit des 17. Jahrhunderts, in der die Bev\u00f6lkerung von der Pest heimgesucht wurde. Der Legende nach soll der Hl. Rochus 4 Totengr\u00e4bern erschienen sein und versprochen haben, da\u00df der &#8222;Schwarze Tod&#8220; von nun an keinen mehr treffen w\u00fcrde. Kurz darauf setzte auch ein reges Pilgerwesen nach Mayscho\u00df ein.<\/p>\n\n\n\n<figure class=\"wp-block-image size-large is-resized\"><img loading=\"lazy\" decoding=\"async\" src=\"http:\/\/kirche-in-mayschoss.de\/wp-content\/uploads\/2020\/09\/Pfarrkirche_Mayschoss_vor_1908-01-1024x639.jpg\" alt=\"\" class=\"wp-image-549\" width=\"486\" height=\"303\" srcset=\"https:\/\/kirche-in-mayschoss.de\/wp-content\/uploads\/2020\/09\/Pfarrkirche_Mayschoss_vor_1908-01-1024x639.jpg 1024w, https:\/\/kirche-in-mayschoss.de\/wp-content\/uploads\/2020\/09\/Pfarrkirche_Mayschoss_vor_1908-01-300x187.jpg 300w, https:\/\/kirche-in-mayschoss.de\/wp-content\/uploads\/2020\/09\/Pfarrkirche_Mayschoss_vor_1908-01-768x479.jpg 768w, https:\/\/kirche-in-mayschoss.de\/wp-content\/uploads\/2020\/09\/Pfarrkirche_Mayschoss_vor_1908-01.jpg 1095w\" sizes=\"auto, (max-width: 486px) 100vw, 486px\" \/><figcaption>alte Pfarrkirche vor 1908<\/figcaption><\/figure>\n\n\n\n<p>Weil die Kirche f\u00fcr die Gottesdienstbesucher mittlerweile zu klein war und dar\u00fcber hinaus die Seitenw\u00e4nde einzust\u00fcrzen drohten, wurde im Jahre 1906 der Abriss der alten Kirche mit Ausnahme des quadratischen Bruchsteinturmes beschlossen. 1907 erhielt man die Erlaubnis zum Neubau der Kirche, die im Grundriss um die beiden Seitenschiffe und den Chorraum (Altarrraum) vergr\u00f6\u00dfert wurde. Mit dem Abriss wurde Anfang des Jahres 1908 begonnen.<\/p>\n\n\n\n<p>Am 9. Juni 1908 erfolgte die Grundsteinlegung durch den Trierer Weihbischof Dr. Schrot. Am 25. Juni 1909 wurde die von den Neuwieder Architekten H. und Th. Herrman geplante dreischiffige, viereinhalbjochige S\u00e4ulenbasilika in neu-romanischen Formen eingesegnet. Am 25. April 1912 wurde die neu erbaute Kirche vom Trierer Bischof Michael Korum geweiht. 1912\/1913 wurde der Glockentrum um 4 Meter f\u00fcr ein neues Glockengeschoss erh\u00f6ht.<\/p>\n\n\n\n<figure class=\"wp-block-image size-large is-resized\"><img loading=\"lazy\" decoding=\"async\" src=\"http:\/\/kirche-in-mayschoss.de\/wp-content\/uploads\/2020\/09\/Pfarrkirche_Mayschoss_1912-1914.jpg\" alt=\"\" class=\"wp-image-550\" width=\"473\" height=\"294\" srcset=\"https:\/\/kirche-in-mayschoss.de\/wp-content\/uploads\/2020\/09\/Pfarrkirche_Mayschoss_1912-1914.jpg 1012w, https:\/\/kirche-in-mayschoss.de\/wp-content\/uploads\/2020\/09\/Pfarrkirche_Mayschoss_1912-1914-300x186.jpg 300w, https:\/\/kirche-in-mayschoss.de\/wp-content\/uploads\/2020\/09\/Pfarrkirche_Mayschoss_1912-1914-768x477.jpg 768w\" sizes=\"auto, (max-width: 473px) 100vw, 473px\" \/><figcaption>neue Pfarrkirche Innenraum, ca. 1912\/1914<\/figcaption><\/figure>\n\n\n\n<figure class=\"wp-block-image size-large is-resized\"><img loading=\"lazy\" decoding=\"async\" src=\"http:\/\/kirche-in-mayschoss.de\/wp-content\/uploads\/2020\/09\/Pfarrkirche_Mayschoss_ca_1930-1024x641.jpg\" alt=\"\" class=\"wp-image-552\" width=\"476\" height=\"298\" srcset=\"https:\/\/kirche-in-mayschoss.de\/wp-content\/uploads\/2020\/09\/Pfarrkirche_Mayschoss_ca_1930-1024x641.jpg 1024w, https:\/\/kirche-in-mayschoss.de\/wp-content\/uploads\/2020\/09\/Pfarrkirche_Mayschoss_ca_1930-300x188.jpg 300w, https:\/\/kirche-in-mayschoss.de\/wp-content\/uploads\/2020\/09\/Pfarrkirche_Mayschoss_ca_1930-768x481.jpg 768w, https:\/\/kirche-in-mayschoss.de\/wp-content\/uploads\/2020\/09\/Pfarrkirche_Mayschoss_ca_1930.jpg 1037w\" sizes=\"auto, (max-width: 476px) 100vw, 476px\" \/><figcaption>Pfarrkirche Innenraum, ca. 1930<\/figcaption><\/figure>\n\n\n\n<p>1960 wurde der Innenraum der Kirche renoviert. Wandschmuck, Bilder und Statuen wurden entfernt. Der Hochaltar wurde bis auf den Altartisch und den Tabernakel niedergelegt. Die Kirche bekam mit Ausnahme der Kapitele und B\u00f6gen einen wei\u00dfen Anstrich. Zentraler Blickpunkt wurde ein von einem Oberammergauer K\u00fcnstler aus Zirbelkiefer geschaffenes Kruzifix.<\/p>\n\n\n\n<figure class=\"wp-block-image size-large is-resized\"><img loading=\"lazy\" decoding=\"async\" src=\"http:\/\/kirche-in-mayschoss.de\/wp-content\/uploads\/2020\/09\/Pfarrkirche_Mayschoss_1960er_Jahre.jpg\" alt=\"\" class=\"wp-image-564\" width=\"339\" height=\"468\" srcset=\"https:\/\/kirche-in-mayschoss.de\/wp-content\/uploads\/2020\/09\/Pfarrkirche_Mayschoss_1960er_Jahre.jpg 632w, https:\/\/kirche-in-mayschoss.de\/wp-content\/uploads\/2020\/09\/Pfarrkirche_Mayschoss_1960er_Jahre-217x300.jpg 217w\" sizes=\"auto, (max-width: 339px) 100vw, 339px\" \/><figcaption>Pfarrkirche Innenraum, 1960er Jahre<\/figcaption><\/figure>\n\n\n\n<p>Die Orgel im Turm stammt von der Orgelbaufirma Stahlhuth (Aachen), Baujahr 1910 und hatte urspr\u00fcnglich 19 Register auf 2 Manualen und Pedal. Eingebaut ist sie in ein historisches K\u00f6nig-Geh\u00e4use.<\/p>\n\n\n\n<p>Im Glockenturm befinden sich 4 Gu\u00dfstahlglocken aus dem Jahre 1921, die die Gl\u00e4ubigen zu Gebet und Gottesdienst einladen. Ferner befindet sich noch eine sehr alte Wandlungsglocke im Turm, die nur zu dieser Gelegenheit angeschlagen wird.<\/p>\n\n\n\n<p>In den Jahren 1978\/1979 erfolgte die bisher letzte gro\u00dfe Renovierung unserer Pfarrkirche und der angebauten Sakristei. Der Umbau wurde entsprechend den liturgischen Vorschriften des zweiten vatikanischen Konzils und wegen dem Einbau einer Warmluft-Umw\u00e4lzheizung notwendig. Nach der Neuverfliesung des Fu\u00dfbodens w\u00e4hlte man f\u00fcr den Anstrich der W\u00e4nde wieder die urspr\u00fcngliche Farbgebung der B\u00e4nder und Friese.<\/p>\n\n\n\n<figure class=\"wp-block-image size-large is-resized\"><img loading=\"lazy\" decoding=\"async\" src=\"http:\/\/kirche-in-mayschoss.de\/wp-content\/uploads\/2020\/09\/Pfarrkirche_Mayschoss_2020-6-1-1024x768.jpg\" alt=\"\" class=\"wp-image-557\" width=\"478\" height=\"358\" srcset=\"https:\/\/kirche-in-mayschoss.de\/wp-content\/uploads\/2020\/09\/Pfarrkirche_Mayschoss_2020-6-1-1024x768.jpg 1024w, https:\/\/kirche-in-mayschoss.de\/wp-content\/uploads\/2020\/09\/Pfarrkirche_Mayschoss_2020-6-1-300x225.jpg 300w, https:\/\/kirche-in-mayschoss.de\/wp-content\/uploads\/2020\/09\/Pfarrkirche_Mayschoss_2020-6-1-768x576.jpg 768w, https:\/\/kirche-in-mayschoss.de\/wp-content\/uploads\/2020\/09\/Pfarrkirche_Mayschoss_2020-6-1-1536x1152.jpg 1536w, https:\/\/kirche-in-mayschoss.de\/wp-content\/uploads\/2020\/09\/Pfarrkirche_Mayschoss_2020-6-1-2048x1536.jpg 2048w\" sizes=\"auto, (max-width: 478px) 100vw, 478px\" \/><figcaption>Pfarrkirche Innenraum heute<\/figcaption><\/figure>\n\n\n\n<figure class=\"wp-block-image size-large is-resized\"><img loading=\"lazy\" decoding=\"async\" src=\"http:\/\/kirche-in-mayschoss.de\/wp-content\/uploads\/2020\/09\/Pfarrkirche_Mayschoss_2017-1-766x1024.jpg\" alt=\"\" class=\"wp-image-559\" width=\"484\" height=\"647\" srcset=\"https:\/\/kirche-in-mayschoss.de\/wp-content\/uploads\/2020\/09\/Pfarrkirche_Mayschoss_2017-1-766x1024.jpg 766w, https:\/\/kirche-in-mayschoss.de\/wp-content\/uploads\/2020\/09\/Pfarrkirche_Mayschoss_2017-1-224x300.jpg 224w, https:\/\/kirche-in-mayschoss.de\/wp-content\/uploads\/2020\/09\/Pfarrkirche_Mayschoss_2017-1-768x1027.jpg 768w, https:\/\/kirche-in-mayschoss.de\/wp-content\/uploads\/2020\/09\/Pfarrkirche_Mayschoss_2017-1-1149x1536.jpg 1149w, https:\/\/kirche-in-mayschoss.de\/wp-content\/uploads\/2020\/09\/Pfarrkirche_Mayschoss_2017-1-1532x2048.jpg 1532w, https:\/\/kirche-in-mayschoss.de\/wp-content\/uploads\/2020\/09\/Pfarrkirche_Mayschoss_2017-1-scaled.jpg 1915w\" sizes=\"auto, (max-width: 484px) 100vw, 484px\" \/><figcaption>Pfarrkirche heute<\/figcaption><\/figure>\n\n\n\n<p>Das Kirchengeb\u00e4ude und ihre Ausgestaltung geben immer etwas wieder vom Glaubensverst\u00e4ndnis der jeweiligen Zeit, in der die Kirche gebaut oder auch neu gestaltet wurde. Sie erz\u00e4hlen davon, wie Menschen ihr Leben im Vertrauen auf Gott verstanden und gestaltet haben. <\/p>\n\n\n\n<p><strong>Sie sind herzlich eingeladen, hier allein oder in Gemeinschaft betend vor Gott zu verweilen!<\/strong><\/p>\n","protected":false},"excerpt":{"rendered":"<p>W\u00e4hrend des drei\u00dfigj\u00e4hrigen Krieges wurde das damalige Gotteshaus im Jahr 1632 von den Schweden vollst\u00e4ndig gepl\u00fcndert. 1668 wird erstmals in der Mayschosser Chronik Sankt Nikolaus als Pfarrpatron der Mayschosser Kirche erw\u00e4hnt. 1726 wurde der Neubau der sehr bauf\u00e4llig gewordenen Kirche an gleicher Stelle beschlossen. 1729 war der Kirchbau nach Abriss der alten Kirche vollendet. 1730 konsekrierte der damile Abt von Klosterrath, Nikolaus Heyendal, die Kirche zu Ehren des Hl. Nikolaus. Neben dem Hl. Nikolaus erf\u00e4hrt der Kon-Patron der Kirche, der Hl. Rochus, gro\u00dfe Verehrung in der Pfarrgemeinde. Diese stammt aus der Zeit des 17. Jahrhunderts, in der die Bev\u00f6lkerung von der Pest heimgesucht wurde. Der Legende nach soll der Hl. Rochus 4 Totengr\u00e4bern erschienen sein <a class=\"more-link\" href=\"https:\/\/kirche-in-mayschoss.de\/?page_id=112\"><span class=\"screen-reader-text\">  Pfarrkirche St. Nikolaus &#038; St. Rochus<\/span> weiterlesen<span class=\"meta-nav\">&rarr;<\/span><\/a><\/p>\n","protected":false},"author":1,"featured_media":0,"parent":49,"menu_order":0,"comment_status":"closed","ping_status":"closed","template":"page-fullwidth.php","meta":{"footnotes":""},"class_list":["post-112","page","type-page","status-publish","hentry"],"_links":{"self":[{"href":"https:\/\/kirche-in-mayschoss.de\/index.php?rest_route=\/wp\/v2\/pages\/112","targetHints":{"allow":["GET"]}}],"collection":[{"href":"https:\/\/kirche-in-mayschoss.de\/index.php?rest_route=\/wp\/v2\/pages"}],"about":[{"href":"https:\/\/kirche-in-mayschoss.de\/index.php?rest_route=\/wp\/v2\/types\/page"}],"author":[{"embeddable":true,"href":"https:\/\/kirche-in-mayschoss.de\/index.php?rest_route=\/wp\/v2\/users\/1"}],"replies":[{"embeddable":true,"href":"https:\/\/kirche-in-mayschoss.de\/index.php?rest_route=%2Fwp%2Fv2%2Fcomments&post=112"}],"version-history":[{"count":24,"href":"https:\/\/kirche-in-mayschoss.de\/index.php?rest_route=\/wp\/v2\/pages\/112\/revisions"}],"predecessor-version":[{"id":568,"href":"https:\/\/kirche-in-mayschoss.de\/index.php?rest_route=\/wp\/v2\/pages\/112\/revisions\/568"}],"up":[{"embeddable":true,"href":"https:\/\/kirche-in-mayschoss.de\/index.php?rest_route=\/wp\/v2\/pages\/49"}],"wp:attachment":[{"href":"https:\/\/kirche-in-mayschoss.de\/index.php?rest_route=%2Fwp%2Fv2%2Fmedia&parent=112"}],"curies":[{"name":"wp","href":"https:\/\/api.w.org\/{rel}","templated":true}]}}