{"id":111,"date":"2020-05-10T16:36:48","date_gmt":"2020-05-10T16:36:48","guid":{"rendered":"http:\/\/kirche-in-mayschoss.de\/?page_id=111"},"modified":"2023-09-23T08:23:51","modified_gmt":"2023-09-23T08:23:51","slug":"gottesdiensthelfer","status":"publish","type":"page","link":"https:\/\/kirche-in-mayschoss.de\/?page_id=111","title":{"rendered":"Gottesdiensthelfer"},"content":{"rendered":"\n<p>Neben der Heiligen Messe gibt es in unserer Kirchengemeinde weitere Formen von Gottesdiensten. Dazu haben wir ehrenamtliche Helfer, die eigenverantwortlich Gottesdienste gestalten und leiten. Sie verfassen Gebete, suchen die Lieder aus und \u00fcbernehmen dann im Gottesdienst die Aufgaben, die sonst ein Pastor hat. Sie haben teil an der \u00f6ffentlichen Verk\u00fcndigung des Wortes Gottes. W\u00e4hrend einer Heiligen Messe sind unserer Gottesdiensthelfer auch als Lektoren und Kommunionshelfer t\u00e4tig.<\/p>\n\n\n\n<p>Unserem Team der Gottesdiensthelfer geh\u00f6ren folgende Personen an:<br>Petra Betram<br>Maria Cramer<br>Guido Cramer<br>Fabian Droste<br>Martina Gilles<br>Judith Giseke<br>Klein Margret<br>Hubertus Kunz<br>Charly Laux<br>Ingeborg N\u00e4kel<br>Sascha Neuert<br>Barbara Schmid<\/p>\n\n\n\n<p>Wenn Sie Teil unseres Teams werden wollen, w\u00fcrden wir uns freuen. Sprechen Sie dazu einfach einen unserer Gottesdiensthelfer an.<\/p>\n\n\n\n<p><\/p>\n","protected":false},"excerpt":{"rendered":"<p>Neben der Heiligen Messe gibt es in unserer Kirchengemeinde weitere Formen von Gottesdiensten. Dazu haben wir ehrenamtliche Helfer, die eigenverantwortlich Gottesdienste gestalten und leiten. Sie verfassen Gebete, suchen die Lieder aus und \u00fcbernehmen dann im Gottesdienst die Aufgaben, die sonst ein Pastor hat. Sie haben teil an der \u00f6ffentlichen Verk\u00fcndigung des Wortes Gottes. W\u00e4hrend einer Heiligen Messe sind unserer Gottesdiensthelfer auch als Lektoren und Kommunionshelfer t\u00e4tig. Unserem Team der Gottesdiensthelfer geh\u00f6ren folgende Personen an:Petra BetramMaria CramerGuido CramerFabian DrosteMartina GillesJudith GisekeKlein MargretHubertus KunzCharly LauxIngeborg N\u00e4kelSascha NeuertBarbara Schmid Wenn Sie Teil unseres Teams werden wollen, w\u00fcrden wir uns freuen. Sprechen Sie dazu einfach einen unserer Gottesdiensthelfer an.<\/p>\n","protected":false},"author":1,"featured_media":0,"parent":207,"menu_order":0,"comment_status":"closed","ping_status":"closed","template":"page-fullwidth.php","meta":{"footnotes":""},"class_list":["post-111","page","type-page","status-publish","hentry"],"_links":{"self":[{"href":"https:\/\/kirche-in-mayschoss.de\/index.php?rest_route=\/wp\/v2\/pages\/111","targetHints":{"allow":["GET"]}}],"collection":[{"href":"https:\/\/kirche-in-mayschoss.de\/index.php?rest_route=\/wp\/v2\/pages"}],"about":[{"href":"https:\/\/kirche-in-mayschoss.de\/index.php?rest_route=\/wp\/v2\/types\/page"}],"author":[{"embeddable":true,"href":"https:\/\/kirche-in-mayschoss.de\/index.php?rest_route=\/wp\/v2\/users\/1"}],"replies":[{"embeddable":true,"href":"https:\/\/kirche-in-mayschoss.de\/index.php?rest_route=%2Fwp%2Fv2%2Fcomments&post=111"}],"version-history":[{"count":4,"href":"https:\/\/kirche-in-mayschoss.de\/index.php?rest_route=\/wp\/v2\/pages\/111\/revisions"}],"predecessor-version":[{"id":3187,"href":"https:\/\/kirche-in-mayschoss.de\/index.php?rest_route=\/wp\/v2\/pages\/111\/revisions\/3187"}],"up":[{"embeddable":true,"href":"https:\/\/kirche-in-mayschoss.de\/index.php?rest_route=\/wp\/v2\/pages\/207"}],"wp:attachment":[{"href":"https:\/\/kirche-in-mayschoss.de\/index.php?rest_route=%2Fwp%2Fv2%2Fmedia&parent=111"}],"curies":[{"name":"wp","href":"https:\/\/api.w.org\/{rel}","templated":true}]}}