{"id":110,"date":"2020-05-10T16:36:48","date_gmt":"2020-05-10T16:36:48","guid":{"rendered":"http:\/\/kirche-in-mayschoss.de\/?page_id=110"},"modified":"2024-05-18T11:11:57","modified_gmt":"2024-05-18T11:11:57","slug":"jodokuspilger","status":"publish","type":"page","link":"https:\/\/kirche-in-mayschoss.de\/?page_id=110","title":{"rendered":"Jodokus-Pilgergemeinschaft Mayscho\u00df"},"content":{"rendered":"<div class=\"wp-block-image\">\n<figure class=\"aligncenter size-large is-resized\"><img decoding=\"async\" src=\"http:\/\/kirche-in-mayschoss.de\/wp-content\/uploads\/2023\/11\/2023-09-16-Wallfahrt-St-Jost-Langenfeld-3-1024x615.jpg\" alt=\"\" class=\"wp-image-3271\" style=\"width:438px;height:auto\"\/><\/figure>\n<\/div>\n\n\n<p>Der Heilige St. Jodok (Jodokus) war ein Klostergr\u00fcnder, Einsiedler und Pilger, der im 7. Jahrhundert im heutigen Nordfrankreich lebte. 665 gr\u00fcndete er in Runiac\/ Frankreich eine Einsiedelei, die Keimzelle der sp\u00e4ter nach ihm benannten Benediktinerabtei Saint-Josse-sur-Mer, wo auch seine sterblichen \u00dcberreste liegen sollen. Die Verehrung des Hl. Jodok gelangte \u00fcber Gebetsbruderschaften der Benediktiner schon fr\u00fch auch in deutschsprachige Gebiete. Er gilt als Patron der Pilger, Reisenden und Schiffer, au\u00dferdem gilt er, wie der Hl. Rochus, als Helfer gegen Fieber und Pest. Auch als Schutzpatron der B\u00e4cker, der Blinden und Kranken wird er genannt. Entlang von Pilgerstra\u00dfen wurden Kirchen, Kapellen und besonders oft Hospit\u00e4ler auf seinen Namen geweiht.<\/p>\n\n\n\n<p>Erste Nachrichten \u00fcber eine Wallfahrt von Mayscho\u00df zu dem bekanntesten Wallfahrtsort f\u00fcr den Kirchenheiligen Jodokus in Deutschland, nach St. Jost bei Langenfeld in der Vulkaneifel, erhalten wir im Jahre 1907. Die Pilgergemeinschaft k\u00f6nnte aber auch nach einer Mitteilung aus dem Jahre 1917 bereits vor 1895 bestanden haben. Als erster Brudermeister wird Johann Schmelzer im Jahre 1917 genannt. Derzeitiger Brudermeister ist Karl Hubert Bertram. Bis auf das Jahr 1944, als wegen Bomben und Bombengefahr des 2. Weltkrieges die Prozession aufgehoben war, fand in jedem Jahr eine Prozession statt. Die urspr\u00fcngliche Pilgerstrecke f\u00fchrte \u00fcber Steinerberg \u2013 Kesselinger Tal \u2013 Hohe Acht \u2013 St. Jost nach Langenfeld. Nach dem 2. Weltkrieg wurde bis Adenau mit dem Zug gefahren und die folgende Wegstrecke zu Fu\u00df zur\u00fcckgelegt. 1962 konnte eine neue Pilgerfahne angeschafft werden. Im Folgejahr 1963 wurde neben der Fu\u00dfgruppe erstmals eine Buswallfahrt organisiert. Ab 1977 wurde das erste Mal nicht in Langenfeld \u00fcbernachtet, sondern mit dem Auto zur Hohen Acht gefahren mit anschlie\u00dfendem Fu\u00dfweg von etwa drei Stunden bis St. Jost. Seit einigen Jahren wird neben dieser Wegstrecke auch wieder eine komplette Fu\u00dfwallfahrt von Mayscho\u00df bis Langenfeld angeboten.<\/p>\n\n\n\n<p>Die Mayschosser Jodokuswallfahrt zur Wallfahrtskapelle St. Jost findet in der Regel j\u00e4hrlich am letzten Samstag im September statt. In den vergangenen Jahren mu\u00dfte allerdings der traditionelle Termin wegen der immer fr\u00fcher beginnenden Traubenlese angepa\u00dft werden. Abschluss der Wallfahrt ist eine festliche Pilgermesse in der Pfarrkirche von Langenfeld, bei der viele Wallfahrer aus rund 50 Orten der n\u00e4heren und weiteren Umgebung, von der Ahr, aus dem Bistum Aachen, von dies- und jenseits des Rheins und von der Mosel teilnehmen.<\/p>\n\n\n\n<p>Wenn Sie sich uns anschlie\u00dfen und an der Wallfahrt (Auto-\/Fu\u00dfweg oder reiner Fu\u00dfweg) teilnehmen oder weitere Informationen haben m\u00f6chten, melden Sie sich bitte bei Karl Hubert Bertram, Telefon: 0 26 43 \u2013 31 22.<\/p>\n","protected":false},"excerpt":{"rendered":"<p>Der Heilige St. Jodok (Jodokus) war ein Klostergr\u00fcnder, Einsiedler und Pilger, der im 7. Jahrhundert im heutigen Nordfrankreich lebte. 665 gr\u00fcndete er in Runiac\/ Frankreich eine Einsiedelei, die Keimzelle der sp\u00e4ter nach ihm benannten Benediktinerabtei Saint-Josse-sur-Mer, wo auch seine sterblichen \u00dcberreste liegen sollen. Die Verehrung des Hl. Jodok gelangte \u00fcber Gebetsbruderschaften der Benediktiner schon fr\u00fch auch in deutschsprachige Gebiete. Er gilt als Patron der Pilger, Reisenden und Schiffer, au\u00dferdem gilt er, wie der Hl. Rochus, als Helfer gegen Fieber und Pest. Auch als Schutzpatron der B\u00e4cker, der Blinden und Kranken wird er genannt. Entlang von Pilgerstra\u00dfen wurden Kirchen, Kapellen und besonders oft Hospit\u00e4ler auf seinen Namen geweiht. Erste Nachrichten \u00fcber eine Wallfahrt von Mayscho\u00df zu <a class=\"more-link\" href=\"https:\/\/kirche-in-mayschoss.de\/?page_id=110\"><span class=\"screen-reader-text\">  Jodokus-Pilgergemeinschaft Mayscho\u00df<\/span> weiterlesen<span class=\"meta-nav\">&rarr;<\/span><\/a><\/p>\n","protected":false},"author":1,"featured_media":0,"parent":207,"menu_order":0,"comment_status":"closed","ping_status":"closed","template":"page-fullwidth.php","meta":{"footnotes":""},"class_list":["post-110","page","type-page","status-publish","hentry"],"_links":{"self":[{"href":"https:\/\/kirche-in-mayschoss.de\/index.php?rest_route=\/wp\/v2\/pages\/110","targetHints":{"allow":["GET"]}}],"collection":[{"href":"https:\/\/kirche-in-mayschoss.de\/index.php?rest_route=\/wp\/v2\/pages"}],"about":[{"href":"https:\/\/kirche-in-mayschoss.de\/index.php?rest_route=\/wp\/v2\/types\/page"}],"author":[{"embeddable":true,"href":"https:\/\/kirche-in-mayschoss.de\/index.php?rest_route=\/wp\/v2\/users\/1"}],"replies":[{"embeddable":true,"href":"https:\/\/kirche-in-mayschoss.de\/index.php?rest_route=%2Fwp%2Fv2%2Fcomments&post=110"}],"version-history":[{"count":7,"href":"https:\/\/kirche-in-mayschoss.de\/index.php?rest_route=\/wp\/v2\/pages\/110\/revisions"}],"predecessor-version":[{"id":3790,"href":"https:\/\/kirche-in-mayschoss.de\/index.php?rest_route=\/wp\/v2\/pages\/110\/revisions\/3790"}],"up":[{"embeddable":true,"href":"https:\/\/kirche-in-mayschoss.de\/index.php?rest_route=\/wp\/v2\/pages\/207"}],"wp:attachment":[{"href":"https:\/\/kirche-in-mayschoss.de\/index.php?rest_route=%2Fwp%2Fv2%2Fmedia&parent=110"}],"curies":[{"name":"wp","href":"https:\/\/api.w.org\/{rel}","templated":true}]}}