{"id":109,"date":"2020-05-10T16:36:48","date_gmt":"2020-05-10T16:36:48","guid":{"rendered":"http:\/\/kirche-in-mayschoss.de\/?page_id=109"},"modified":"2020-12-07T14:38:33","modified_gmt":"2020-12-07T14:38:33","slug":"messdiener","status":"publish","type":"page","link":"https:\/\/kirche-in-mayschoss.de\/?page_id=109","title":{"rendered":"Messdiener"},"content":{"rendered":"\n<p class=\"has-text-align-center has-large-font-size\"><strong>Willkommen auf der Seite der <\/strong><br><strong>Messdiener von Mayscho\u00df<\/strong><\/p>\n\n\n\n<div class=\"wp-block-image\"><figure class=\"aligncenter size-large is-resized\"><img loading=\"lazy\" decoding=\"async\" src=\"http:\/\/kirche-in-mayschoss.de\/wp-content\/uploads\/2020\/12\/christian-badel-www.kikifax.com-pfarrbriefservice-878x1024.jpg\" alt=\"\" class=\"wp-image-877\" width=\"285\" height=\"334\" srcset=\"https:\/\/kirche-in-mayschoss.de\/wp-content\/uploads\/2020\/12\/christian-badel-www.kikifax.com-pfarrbriefservice-257x300.jpg 257w, https:\/\/kirche-in-mayschoss.de\/wp-content\/uploads\/2020\/12\/christian-badel-www.kikifax.com-pfarrbriefservice-768x896.jpg 768w\" sizes=\"auto, (max-width: 285px) 100vw, 285px\" \/><figcaption><sup>Foto: Christian Badel, www.kikifax.com, Pfarrbriefservice.de<\/sup><\/figcaption><\/figure><\/div>\n\n\n\n<p>Wir Messdiener unterst\u00fctzen mit unserem liturgischen Dienst die verschiedensten Arten von Gottesdiensten wie Heilige Messen, Wort-Gottes-Feiern, Andachten, Prozessionen, usw.<br><br>Zur Zeit hat die Pfarrei Mayscho\u00df 9 aktive Messdienerinnen und Messdiener. Im Januar 2021 kommt noch ein neuer Messdiener dazu. Aber auch unsere ehemaligen Messdiener sind immer mal wieder bereit auszuhelfen, besonders an Ostern, Weihnachten und Fronleichnam.<br><br>Aber auch sonst setzen wir uns f\u00fcr unsere Mitmenschen ein. Wir nehmen u. a. an den Sternsingeraktionen, den Bolivienkleidersammlungen oder auch am Pfarrfest teil. Wir gestalten jedes Jahr die neue Osterkerze f\u00fcr die Kirche und helfen vor Weihnachten beim Tragen der Krippenfiguren.<br><br>Nat\u00fcrlich darf auch das gesellige Miteinander nicht zu kurz kommen. Es ist schon Tradition, dass wir im Januar zusammen Bowling spielen. Und im Sommer stehen Ausfl\u00fcge an: Besuch von verschiedenen Freizeitparks, Jump-House, Karl May-Festspielen, usw. Beim Weinbl\u00fctenfest sind wir jedes Jahr mit dem Verkauf von Festtagsgl\u00e4schen dabei. Die Obermessdiener von Mayscho\u00df, Rech und Dernau treffen sich immer wieder gerne zum gemeinsamen Raclette-Essen. Diese geselligen Aktivit\u00e4ten sind m\u00f6glich Dank der Spenden, die wir immer wieder von der Bev\u00f6lkerung erhalten. Daf\u00fcr ein herzliches Dankesch\u00f6n!<br><br>Auch an gemeinsamen Messdieneraktivit\u00e4ten auf Pfarreiengemeinschaftsebene nehmen wir teil: Messdienertag auf dem Eifelblick, Kanufahrt auf der Lahn, Besuch eines Kletterparks, Fr\u00fchschicht im Advent, Sp\u00e4tschicht in der Fastenzeit, Romwallfahrt, usw.<br><br>Um diese gemeinsamen Aktivit\u00e4ten zu erm\u00f6glichen, bieten wir mit allen Messdienern der gesamten Pfarreiengemeinschaft j\u00e4hrlich zum Martinsmarkt in Dernau und zeitweise zum Luziamarkt in Rech ein Messdienercaf\u00e9 an, das bei den Besuchern wegen der vielen selbstgebackenen Kuchen sehr beliebt ist.<br><br>Messdiener werden kann man ab der Erstkommunion, nach oben sind keine Altersgrenzen gesetzt. Wir freuen uns immer wieder \u00fcber Kinder und Jugendliche, die Messdiener werden wollen.<br><br>Ihr habt Lust, zu unserer Gemeinschaft zu geh\u00f6ren? Dann meldet Euch bei<br>Gemeindereferentin Martina Gilles<br>Telefon: 02643 \u2013 90 30 55<br>Email: m.gilles@freenet.de<br><br>Wir freuen uns auf Euch.<\/p>\n\n\n\n<div class=\"wp-block-image\"><figure class=\"aligncenter size-large is-resized\"><img loading=\"lazy\" decoding=\"async\" src=\"http:\/\/kirche-in-mayschoss.de\/wp-content\/uploads\/2020\/12\/Factum-ADP-Pfarrbriefservice-1024x778.jpg\" alt=\"\" class=\"wp-image-888\" width=\"406\" height=\"308\" srcset=\"https:\/\/kirche-in-mayschoss.de\/wp-content\/uploads\/2020\/12\/Factum-ADP-Pfarrbriefservice-1024x778.jpg 1024w, https:\/\/kirche-in-mayschoss.de\/wp-content\/uploads\/2020\/12\/Factum-ADP-Pfarrbriefservice-300x228.jpg 300w, https:\/\/kirche-in-mayschoss.de\/wp-content\/uploads\/2020\/12\/Factum-ADP-Pfarrbriefservice-768x584.jpg 768w, https:\/\/kirche-in-mayschoss.de\/wp-content\/uploads\/2020\/12\/Factum-ADP-Pfarrbriefservice-1536x1167.jpg 1536w, https:\/\/kirche-in-mayschoss.de\/wp-content\/uploads\/2020\/12\/Factum-ADP-Pfarrbriefservice.jpg 1867w\" sizes=\"auto, (max-width: 406px) 100vw, 406px\" \/><figcaption><sup>Foto: Factum\/ADP, Pfarrbriefservice.de<\/sup><\/figcaption><\/figure><\/div>\n","protected":false},"excerpt":{"rendered":"<p>Willkommen auf der Seite der Messdiener von Mayscho\u00df Wir Messdiener unterst\u00fctzen mit unserem liturgischen Dienst die verschiedensten Arten von Gottesdiensten wie Heilige Messen, Wort-Gottes-Feiern, Andachten, Prozessionen, usw. Zur Zeit hat die Pfarrei Mayscho\u00df 9 aktive Messdienerinnen und Messdiener. Im Januar 2021 kommt noch ein neuer Messdiener dazu. Aber auch unsere ehemaligen Messdiener sind immer mal wieder bereit auszuhelfen, besonders an Ostern, Weihnachten und Fronleichnam. Aber auch sonst setzen wir uns f\u00fcr unsere Mitmenschen ein. Wir nehmen u. a. an den Sternsingeraktionen, den Bolivienkleidersammlungen oder auch am Pfarrfest teil. Wir gestalten jedes Jahr die neue Osterkerze f\u00fcr die Kirche und helfen vor Weihnachten beim Tragen der Krippenfiguren. Nat\u00fcrlich darf auch das gesellige Miteinander nicht zu kurz <a class=\"more-link\" href=\"https:\/\/kirche-in-mayschoss.de\/?page_id=109\"><span class=\"screen-reader-text\">  Messdiener<\/span> weiterlesen<span class=\"meta-nav\">&rarr;<\/span><\/a><\/p>\n","protected":false},"author":1,"featured_media":0,"parent":207,"menu_order":0,"comment_status":"closed","ping_status":"closed","template":"page-fullwidth.php","meta":{"footnotes":""},"class_list":["post-109","page","type-page","status-publish","hentry"],"_links":{"self":[{"href":"https:\/\/kirche-in-mayschoss.de\/index.php?rest_route=\/wp\/v2\/pages\/109","targetHints":{"allow":["GET"]}}],"collection":[{"href":"https:\/\/kirche-in-mayschoss.de\/index.php?rest_route=\/wp\/v2\/pages"}],"about":[{"href":"https:\/\/kirche-in-mayschoss.de\/index.php?rest_route=\/wp\/v2\/types\/page"}],"author":[{"embeddable":true,"href":"https:\/\/kirche-in-mayschoss.de\/index.php?rest_route=\/wp\/v2\/users\/1"}],"replies":[{"embeddable":true,"href":"https:\/\/kirche-in-mayschoss.de\/index.php?rest_route=%2Fwp%2Fv2%2Fcomments&post=109"}],"version-history":[{"count":12,"href":"https:\/\/kirche-in-mayschoss.de\/index.php?rest_route=\/wp\/v2\/pages\/109\/revisions"}],"predecessor-version":[{"id":890,"href":"https:\/\/kirche-in-mayschoss.de\/index.php?rest_route=\/wp\/v2\/pages\/109\/revisions\/890"}],"up":[{"embeddable":true,"href":"https:\/\/kirche-in-mayschoss.de\/index.php?rest_route=\/wp\/v2\/pages\/207"}],"wp:attachment":[{"href":"https:\/\/kirche-in-mayschoss.de\/index.php?rest_route=%2Fwp%2Fv2%2Fmedia&parent=109"}],"curies":[{"name":"wp","href":"https:\/\/api.w.org\/{rel}","templated":true}]}}